{"id":8020,"date":"2024-06-28T02:34:11","date_gmt":"2024-06-27T23:34:11","guid":{"rendered":"https:\/\/dev.geninteraktif.com\/residorm\/?page_id=8020"},"modified":"2024-06-28T02:51:47","modified_gmt":"2024-06-27T23:51:47","slug":"residorm-kirikkale-guesthouse","status":"publish","type":"page","link":"https:\/\/dev.geninteraktif.com\/residorm\/en\/guesthouse\/residorm-kirikkale-guesthouse\/","title":{"rendered":"Residorm K\u0131r\u0131kkale"},"content":{"rendered":"\t\t<div data-elementor-type=\"wp-page\" data-elementor-id=\"8020\" class=\"elementor elementor-8020\" data-elementor-post-type=\"page\">\n\t\t\t\t<div data-particle_enable=\"false\" data-particle-mobile-disabled=\"false\" class=\"elementor-element elementor-element-c1cd537 e-con-full e-flex e-con e-parent\" data-id=\"c1cd537\" data-element_type=\"container\">\n\t\t<div data-particle_enable=\"false\" data-particle-mobile-disabled=\"false\" class=\"elementor-element elementor-element-98e1433 e-con-full e-flex e-con e-child\" data-id=\"98e1433\" data-element_type=\"container\">\n\t\t\t\t<div class=\"elementor-element elementor-element-54b63e1 elementor-widget elementor-widget-heading\" data-id=\"54b63e1\" data-element_type=\"widget\" data-widget_type=\"heading.default\">\n\t\t\t\t<div class=\"elementor-widget-container\">\n\t\t\t<style>\/*! elementor - v3.22.0 - 26-06-2024 *\/\n.elementor-heading-title{padding:0;margin:0;line-height:1}.elementor-widget-heading .elementor-heading-title[class*=elementor-size-]>a{color:inherit;font-size:inherit;line-height:inherit}.elementor-widget-heading .elementor-heading-title.elementor-size-small{font-size:15px}.elementor-widget-heading .elementor-heading-title.elementor-size-medium{font-size:19px}.elementor-widget-heading .elementor-heading-title.elementor-size-large{font-size:29px}.elementor-widget-heading .elementor-heading-title.elementor-size-xl{font-size:39px}.elementor-widget-heading .elementor-heading-title.elementor-size-xxl{font-size:59px}<\/style><h1 class=\"elementor-heading-title elementor-size-default\">RESIDORM KIRIKKALE GUESTHOUSE<\/h1>\t\t<\/div>\n\t\t\t\t<\/div>\n\t\t\t\t<div class=\"elementor-element elementor-element-0063259 elementor-arrows-position-inside elementor-pagination-position-outside elementor-widget elementor-widget-image-carousel\" data-id=\"0063259\" data-element_type=\"widget\" data-settings=\"{&quot;slides_to_show&quot;:&quot;1&quot;,&quot;lazyload&quot;:&quot;yes&quot;,&quot;navigation&quot;:&quot;both&quot;,&quot;infinite&quot;:&quot;yes&quot;,&quot;effect&quot;:&quot;slide&quot;,&quot;speed&quot;:500}\" data-widget_type=\"image-carousel.default\">\n\t\t\t\t<div class=\"elementor-widget-container\">\n\t\t\t<style>\/*! elementor - v3.22.0 - 26-06-2024 *\/\n.elementor-widget-image-carousel .swiper,.elementor-widget-image-carousel .swiper-container{position:static}.elementor-widget-image-carousel .swiper-container .swiper-slide figure,.elementor-widget-image-carousel .swiper .swiper-slide figure{line-height:inherit}.elementor-widget-image-carousel .swiper-slide{text-align:center}.elementor-image-carousel-wrapper:not(.swiper-container-initialized):not(.swiper-initialized) .swiper-slide{max-width:calc(100% \/ var(--e-image-carousel-slides-to-show, 3))}<\/style>\t\t<div class=\"elementor-image-carousel-wrapper swiper\" dir=\"ltr\">\n\t\t\t<div class=\"elementor-image-carousel swiper-wrapper swiper-image-stretch\" aria-live=\"polite\">\n\t\t\t\t\t\t\t\t<div class=\"swiper-slide\" role=\"group\" aria-roledescription=\"slide\" aria-label=\"1 \/ 7\"><figure class=\"swiper-slide-inner\"><img class=\"swiper-slide-image swiper-lazy\" data-src=\"https:\/\/dev.geninteraktif.com\/residorm\/wp-content\/uploads\/2016\/10\/misafirhane-kirikkale-2.jpg\" alt=\"misafirhane-kirikkale-2\" \/><div class=\"swiper-lazy-preloader\"><\/div><\/figure><\/div><div class=\"swiper-slide\" role=\"group\" aria-roledescription=\"slide\" aria-label=\"2 \/ 7\"><figure class=\"swiper-slide-inner\"><img class=\"swiper-slide-image swiper-lazy\" data-src=\"https:\/\/dev.geninteraktif.com\/residorm\/wp-content\/uploads\/2016\/10\/misafirhane-kirikkale.jpg\" alt=\"misafirhane-kirikkale\" \/><div class=\"swiper-lazy-preloader\"><\/div><\/figure><\/div><div class=\"swiper-slide\" role=\"group\" aria-roledescription=\"slide\" aria-label=\"3 \/ 7\"><figure class=\"swiper-slide-inner\"><img class=\"swiper-slide-image swiper-lazy\" data-src=\"https:\/\/dev.geninteraktif.com\/residorm\/wp-content\/uploads\/2016\/10\/misafirhane-kirikkale-5.jpg\" alt=\"misafirhane-kirikkale-5\" \/><div class=\"swiper-lazy-preloader\"><\/div><\/figure><\/div><div class=\"swiper-slide\" role=\"group\" aria-roledescription=\"slide\" aria-label=\"4 \/ 7\"><figure class=\"swiper-slide-inner\"><img class=\"swiper-slide-image swiper-lazy\" data-src=\"https:\/\/dev.geninteraktif.com\/residorm\/wp-content\/uploads\/2016\/10\/misafirhane-kirikkale-3.jpg\" alt=\"misafirhane-kirikkale-3\" \/><div class=\"swiper-lazy-preloader\"><\/div><\/figure><\/div><div class=\"swiper-slide\" role=\"group\" aria-roledescription=\"slide\" aria-label=\"5 \/ 7\"><figure class=\"swiper-slide-inner\"><img class=\"swiper-slide-image swiper-lazy\" data-src=\"https:\/\/dev.geninteraktif.com\/residorm\/wp-content\/uploads\/2016\/10\/misafirhane-kirikkale-7.jpg\" alt=\"misafirhane-kirikkale-7\" \/><div class=\"swiper-lazy-preloader\"><\/div><\/figure><\/div><div class=\"swiper-slide\" role=\"group\" aria-roledescription=\"slide\" aria-label=\"6 \/ 7\"><figure class=\"swiper-slide-inner\"><img class=\"swiper-slide-image swiper-lazy\" data-src=\"https:\/\/dev.geninteraktif.com\/residorm\/wp-content\/uploads\/2016\/10\/misafirhane-banyo.jpg\" alt=\"misafirhane-banyo\" \/><div class=\"swiper-lazy-preloader\"><\/div><\/figure><\/div><div class=\"swiper-slide\" role=\"group\" aria-roledescription=\"slide\" aria-label=\"7 \/ 7\"><figure class=\"swiper-slide-inner\"><img class=\"swiper-slide-image swiper-lazy\" data-src=\"https:\/\/dev.geninteraktif.com\/residorm\/wp-content\/uploads\/2016\/10\/misafirhane-kirikkale-8.jpg\" alt=\"misafirhane-kirikkale-8\" \/><div class=\"swiper-lazy-preloader\"><\/div><\/figure><\/div>\t\t\t<\/div>\n\t\t\t\t\t\t\t\t\t\t\t\t<div class=\"elementor-swiper-button elementor-swiper-button-prev\" role=\"button\" tabindex=\"0\">\n\t\t\t\t\t\t<svg aria-hidden=\"true\" class=\"e-font-icon-svg e-eicon-chevron-left\" viewBox=\"0 0 1000 1000\" xmlns=\"http:\/\/www.w3.org\/2000\/svg\"><path d=\"M646 125C629 125 613 133 604 142L308 442C296 454 292 471 292 487 292 504 296 521 308 533L604 854C617 867 629 875 646 875 663 875 679 871 692 858 704 846 713 829 713 812 713 796 708 779 692 767L438 487 692 225C700 217 708 204 708 187 708 171 704 154 692 142 675 129 663 125 646 125Z\"><\/path><\/svg>\t\t\t\t\t<\/div>\n\t\t\t\t\t<div class=\"elementor-swiper-button elementor-swiper-button-next\" role=\"button\" tabindex=\"0\">\n\t\t\t\t\t\t<svg aria-hidden=\"true\" class=\"e-font-icon-svg e-eicon-chevron-right\" viewBox=\"0 0 1000 1000\" xmlns=\"http:\/\/www.w3.org\/2000\/svg\"><path d=\"M696 533C708 521 713 504 713 487 713 471 708 454 696 446L400 146C388 133 375 125 354 125 338 125 325 129 313 142 300 154 292 171 292 187 292 204 296 221 308 233L563 492 304 771C292 783 288 800 288 817 288 833 296 850 308 863 321 871 338 875 354 875 371 875 388 867 400 854L696 533Z\"><\/path><\/svg>\t\t\t\t\t<\/div>\n\t\t\t\t\n\t\t\t\t\t\t\t\t\t<div class=\"swiper-pagination\"><\/div>\n\t\t\t\t\t\t\t\t\t<\/div>\n\t\t\t\t<\/div>\n\t\t\t\t<\/div>\n\t\t\t\t<\/div>\n\t\t<div data-particle_enable=\"false\" data-particle-mobile-disabled=\"false\" class=\"elementor-element elementor-element-f16f534 e-con-full e-flex e-con e-child\" data-id=\"f16f534\" data-element_type=\"container\">\n\t\t\t\t<div class=\"elementor-element elementor-element-cbdfa27 elementor-widget elementor-widget-text-editor\" data-id=\"cbdfa27\" data-element_type=\"widget\" data-widget_type=\"text-editor.default\">\n\t\t\t\t<div class=\"elementor-widget-container\">\n\t\t\t<style>\/*! elementor - v3.22.0 - 26-06-2024 *\/\n.elementor-widget-text-editor.elementor-drop-cap-view-stacked .elementor-drop-cap{background-color:#69727d;color:#fff}.elementor-widget-text-editor.elementor-drop-cap-view-framed .elementor-drop-cap{color:#69727d;border:3px solid;background-color:transparent}.elementor-widget-text-editor:not(.elementor-drop-cap-view-default) .elementor-drop-cap{margin-top:8px}.elementor-widget-text-editor:not(.elementor-drop-cap-view-default) .elementor-drop-cap-letter{width:1em;height:1em}.elementor-widget-text-editor .elementor-drop-cap{float:left;text-align:center;line-height:1;font-size:50px}.elementor-widget-text-editor .elementor-drop-cap-letter{display:inline-block}<\/style>\t\t\t\t<div class=\"portfoliosidebarmeta\"><div class=\"portfoliocovermeta\">\u00a0<\/div><p><strong>ROOMS:<\/strong><\/p><\/div><div class=\"portfoliocovermeta\"><ul><li>Colorfully designed and decorated rooms<\/li><li>Nonflammable comfortable beds in hotel standards, sheets, pillows and duvets<\/li><li>Separate bathroom and toilet in each room<\/li><li>Personal study desk, chair and dresser<\/li><li>Mini fridge in each room<\/li><li>There are insect screens on the windows<\/li><\/ul><\/div><p><strong>SERVICES:<\/strong><\/p><div class=\"portfoliocovermeta\"><ul><li>Wireless internet<\/li><li>24-hour hot water<\/li><li>Reception services on a 24\/7 basis<\/li><li>Housekeeping<\/li><li>Resicafe in the market area<\/li><\/ul><p><strong>FEES*:<\/strong><\/p><ul><li>Single room: 500 TL\/per day<\/li><li>Double room: 400 TL\/per day<\/li><li>Three-person room: 350 TL\/per day<\/li><li>Single room: 3.000 TL\/for a week<\/li><li>Double room: 2.500 TL\/for a week<\/li><li>Three-person room: 2.250 TL\/for a week<\/li><li>Single room: 6.000 TL\/for two weeks<\/li><li>Double room: 5.000 TL\/for two weeks<\/li><li>Three-person room: 4.000 TL\/for two weeks<\/li><li>Single room: 8.000 TL\/for a month<\/li><li>Double room: 6.500 TL\/for a month<\/li><li>Three-person room: 5.000 TL\/for a month<\/li><li>Quad room: 3.500 TL\/for a month<\/li><li>Six-person room: 3.000 TL\/for a month<\/li><\/ul><p>* Catering services for breakfast is extra.<\/p><\/div><p><strong>RESERVATION:<\/strong><\/p><ul><li>+90 318 999 1 666 | kirikkale@residorm.com<\/li><\/ul>\t\t\t\t\t\t<\/div>\n\t\t\t\t<\/div>\n\t\t\t\t<\/div>\n\t\t\t\t<\/div>\n\t\t\t\t<\/div>\n\t\t","protected":false},"excerpt":{"rendered":"<p>RESIDORM KIRIKKALE GUESTHOUSE \u00a0 ROOMS: Colorfully designed and decorated rooms Nonflammable comfortable beds in hotel standards, sheets, pillows and duvets Separate bathroom and toilet in each room Personal study desk, chair and dresser Mini fridge in each room There are insect screens on the windows SERVICES: Wireless internet 24-hour hot water Reception services on a [&hellip;]<\/p>\n","protected":false},"author":1,"featured_media":7429,"parent":8012,"menu_order":0,"comment_status":"closed","ping_status":"closed","template":"","meta":{"footnotes":""},"class_list":["post-8020","page","type-page","status-publish","has-post-thumbnail","hentry"],"yoast_head":"<!-- This site is optimized with the Yoast SEO plugin v23.0 - https:\/\/yoast.com\/wordpress\/plugins\/seo\/ -->\n<title>Residorm K\u0131r\u0131kkale Guesthouse | Residorm Student Dorms<\/title>\n<meta name=\"description\" content=\"Kamp\u00fcs\u00fcn i\u00e7inde, fak\u00fcltelerin yan\u0131ba\u015f\u0131nda...\" \/>\n<meta name=\"robots\" content=\"index, follow, max-snippet:-1, max-image-preview:large, max-video-preview:-1\" \/>\n<link rel=\"canonical\" href=\"https:\/\/dev.geninteraktif.com\/residorm\/en\/guesthouse\/residorm-kirikkale-guesthouse\/\" \/>\n<meta property=\"og:locale\" content=\"tr_TR\" \/>\n<meta property=\"og:type\" content=\"article\" \/>\n<meta property=\"og:title\" content=\"Residorm K\u0131r\u0131kkale Guesthouse | Residorm Student Dorms\" \/>\n<meta property=\"og:description\" content=\"Kamp\u00fcs\u00fcn i\u00e7inde, fak\u00fcltelerin yan\u0131ba\u015f\u0131nda...\" \/>\n<meta property=\"og:url\" content=\"https:\/\/dev.geninteraktif.com\/residorm\/en\/guesthouse\/residorm-kirikkale-guesthouse\/\" \/>\n<meta property=\"og:site_name\" content=\"Residorm \u00d6\u011frenci Yurtlar\u0131\" \/>\n<meta property=\"article:publisher\" content=\"https:\/\/www.facebook.com\/residorm\/\" \/>\n<meta property=\"article:modified_time\" content=\"2024-06-27T23:51:47+00:00\" \/>\n<meta property=\"og:image\" content=\"https:\/\/dev.geninteraktif.com\/residorm\/wp-content\/uploads\/2024\/06\/fallback-image.jpg\" \/>\n\t<meta property=\"og:image:width\" content=\"360\" \/>\n\t<meta property=\"og:image:height\" content=\"240\" \/>\n\t<meta property=\"og:image:type\" content=\"image\/jpeg\" \/>\n<meta name=\"twitter:card\" content=\"summary_large_image\" \/>\n<meta name=\"twitter:site\" content=\"@ResidormTR\" \/>\n<meta name=\"twitter:label1\" content=\"Tahmini okuma s\u00fcresi\" \/>\n\t<meta name=\"twitter:data1\" content=\"3 dakika\" \/>\n<script type=\"application\/ld+json\" class=\"yoast-schema-graph\">{\"@context\":\"https:\/\/schema.org\",\"@graph\":[{\"@type\":\"WebPage\",\"@id\":\"https:\/\/dev.geninteraktif.com\/residorm\/en\/guesthouse\/residorm-kirikkale-guesthouse\/\",\"url\":\"https:\/\/dev.geninteraktif.com\/residorm\/en\/guesthouse\/residorm-kirikkale-guesthouse\/\",\"name\":\"Residorm K\u0131r\u0131kkale Guesthouse | Residorm Student Dorms\",\"isPartOf\":{\"@id\":\"https:\/\/dev.geninteraktif.com\/residorm\/#website\"},\"primaryImageOfPage\":{\"@id\":\"https:\/\/dev.geninteraktif.com\/residorm\/en\/guesthouse\/residorm-kirikkale-guesthouse\/#primaryimage\"},\"image\":{\"@id\":\"https:\/\/dev.geninteraktif.com\/residorm\/en\/guesthouse\/residorm-kirikkale-guesthouse\/#primaryimage\"},\"thumbnailUrl\":\"https:\/\/dev.geninteraktif.com\/residorm\/wp-content\/uploads\/2024\/06\/fallback-image.jpg\",\"datePublished\":\"2024-06-27T23:34:11+00:00\",\"dateModified\":\"2024-06-27T23:51:47+00:00\",\"description\":\"Kamp\u00fcs\u00fcn i\u00e7inde, fak\u00fcltelerin yan\u0131ba\u015f\u0131nda...\",\"breadcrumb\":{\"@id\":\"https:\/\/dev.geninteraktif.com\/residorm\/en\/guesthouse\/residorm-kirikkale-guesthouse\/#breadcrumb\"},\"inLanguage\":\"tr\",\"potentialAction\":[{\"@type\":\"ReadAction\",\"target\":[\"https:\/\/dev.geninteraktif.com\/residorm\/en\/guesthouse\/residorm-kirikkale-guesthouse\/\"]}]},{\"@type\":\"ImageObject\",\"inLanguage\":\"tr\",\"@id\":\"https:\/\/dev.geninteraktif.com\/residorm\/en\/guesthouse\/residorm-kirikkale-guesthouse\/#primaryimage\",\"url\":\"https:\/\/dev.geninteraktif.com\/residorm\/wp-content\/uploads\/2024\/06\/fallback-image.jpg\",\"contentUrl\":\"https:\/\/dev.geninteraktif.com\/residorm\/wp-content\/uploads\/2024\/06\/fallback-image.jpg\",\"width\":360,\"height\":240},{\"@type\":\"BreadcrumbList\",\"@id\":\"https:\/\/dev.geninteraktif.com\/residorm\/en\/guesthouse\/residorm-kirikkale-guesthouse\/#breadcrumb\",\"itemListElement\":[{\"@type\":\"ListItem\",\"position\":1,\"name\":\"Anasayfa\",\"item\":\"https:\/\/dev.geninteraktif.com\/residorm\/\"},{\"@type\":\"ListItem\",\"position\":2,\"name\":\"Guesthouse\",\"item\":\"https:\/\/dev.geninteraktif.com\/residorm\/en\/guesthouse\/\"},{\"@type\":\"ListItem\",\"position\":3,\"name\":\"Residorm K\u0131r\u0131kkale\"}]},{\"@type\":\"WebSite\",\"@id\":\"https:\/\/dev.geninteraktif.com\/residorm\/#website\",\"url\":\"https:\/\/dev.geninteraktif.com\/residorm\/\",\"name\":\"Residorm \u00d6\u011frenci Yurtlar\u0131\",\"description\":\"Kamp\u00fcs\u00fcn i\u00e7inde, fak\u00fcltelerin yan\u0131ba\u015f\u0131nda...\",\"publisher\":{\"@id\":\"https:\/\/dev.geninteraktif.com\/residorm\/#organization\"},\"potentialAction\":[{\"@type\":\"SearchAction\",\"target\":{\"@type\":\"EntryPoint\",\"urlTemplate\":\"https:\/\/dev.geninteraktif.com\/residorm\/?s={search_term_string}\"},\"query-input\":\"required name=search_term_string\"}],\"inLanguage\":\"tr\"},{\"@type\":\"Organization\",\"@id\":\"https:\/\/dev.geninteraktif.com\/residorm\/#organization\",\"name\":\"Residorm\",\"url\":\"https:\/\/dev.geninteraktif.com\/residorm\/\",\"logo\":{\"@type\":\"ImageObject\",\"inLanguage\":\"tr\",\"@id\":\"https:\/\/dev.geninteraktif.com\/residorm\/#\/schema\/logo\/image\/\",\"url\":\"https:\/\/dev.geninteraktif.com\/residorm\/wp-content\/uploads\/2015\/07\/residorm_footer.png\",\"contentUrl\":\"https:\/\/dev.geninteraktif.com\/residorm\/wp-content\/uploads\/2015\/07\/residorm_footer.png\",\"width\":200,\"height\":73,\"caption\":\"Residorm\"},\"image\":{\"@id\":\"https:\/\/dev.geninteraktif.com\/residorm\/#\/schema\/logo\/image\/\"},\"sameAs\":[\"https:\/\/www.facebook.com\/residorm\/\",\"https:\/\/x.com\/ResidormTR\",\"https:\/\/www.instagram.com\/residorm\/\",\"https:\/\/www.youtube.com\/channel\/UCjDRFENmtUYxdQYCLtcegLg\"]}]}<\/script>\n<!-- \/ Yoast SEO plugin. -->","yoast_head_json":{"title":"Residorm K\u0131r\u0131kkale Guesthouse | Residorm Student Dorms","description":"Kamp\u00fcs\u00fcn i\u00e7inde, fak\u00fcltelerin yan\u0131ba\u015f\u0131nda...","robots":{"index":"index","follow":"follow","max-snippet":"max-snippet:-1","max-image-preview":"max-image-preview:large","max-video-preview":"max-video-preview:-1"},"canonical":"https:\/\/dev.geninteraktif.com\/residorm\/en\/guesthouse\/residorm-kirikkale-guesthouse\/","og_locale":"tr_TR","og_type":"article","og_title":"Residorm K\u0131r\u0131kkale Guesthouse | Residorm Student Dorms","og_description":"Kamp\u00fcs\u00fcn i\u00e7inde, fak\u00fcltelerin yan\u0131ba\u015f\u0131nda...","og_url":"https:\/\/dev.geninteraktif.com\/residorm\/en\/guesthouse\/residorm-kirikkale-guesthouse\/","og_site_name":"Residorm \u00d6\u011frenci Yurtlar\u0131","article_publisher":"https:\/\/www.facebook.com\/residorm\/","article_modified_time":"2024-06-27T23:51:47+00:00","og_image":[{"width":360,"height":240,"url":"https:\/\/dev.geninteraktif.com\/residorm\/wp-content\/uploads\/2024\/06\/fallback-image.jpg","type":"image\/jpeg"}],"twitter_card":"summary_large_image","twitter_site":"@ResidormTR","twitter_misc":{"Tahmini okuma s\u00fcresi":"3 dakika"},"schema":{"@context":"https:\/\/schema.org","@graph":[{"@type":"WebPage","@id":"https:\/\/dev.geninteraktif.com\/residorm\/en\/guesthouse\/residorm-kirikkale-guesthouse\/","url":"https:\/\/dev.geninteraktif.com\/residorm\/en\/guesthouse\/residorm-kirikkale-guesthouse\/","name":"Residorm K\u0131r\u0131kkale Guesthouse | Residorm Student Dorms","isPartOf":{"@id":"https:\/\/dev.geninteraktif.com\/residorm\/#website"},"primaryImageOfPage":{"@id":"https:\/\/dev.geninteraktif.com\/residorm\/en\/guesthouse\/residorm-kirikkale-guesthouse\/#primaryimage"},"image":{"@id":"https:\/\/dev.geninteraktif.com\/residorm\/en\/guesthouse\/residorm-kirikkale-guesthouse\/#primaryimage"},"thumbnailUrl":"https:\/\/dev.geninteraktif.com\/residorm\/wp-content\/uploads\/2024\/06\/fallback-image.jpg","datePublished":"2024-06-27T23:34:11+00:00","dateModified":"2024-06-27T23:51:47+00:00","description":"Kamp\u00fcs\u00fcn i\u00e7inde, fak\u00fcltelerin yan\u0131ba\u015f\u0131nda...","breadcrumb":{"@id":"https:\/\/dev.geninteraktif.com\/residorm\/en\/guesthouse\/residorm-kirikkale-guesthouse\/#breadcrumb"},"inLanguage":"tr","potentialAction":[{"@type":"ReadAction","target":["https:\/\/dev.geninteraktif.com\/residorm\/en\/guesthouse\/residorm-kirikkale-guesthouse\/"]}]},{"@type":"ImageObject","inLanguage":"tr","@id":"https:\/\/dev.geninteraktif.com\/residorm\/en\/guesthouse\/residorm-kirikkale-guesthouse\/#primaryimage","url":"https:\/\/dev.geninteraktif.com\/residorm\/wp-content\/uploads\/2024\/06\/fallback-image.jpg","contentUrl":"https:\/\/dev.geninteraktif.com\/residorm\/wp-content\/uploads\/2024\/06\/fallback-image.jpg","width":360,"height":240},{"@type":"BreadcrumbList","@id":"https:\/\/dev.geninteraktif.com\/residorm\/en\/guesthouse\/residorm-kirikkale-guesthouse\/#breadcrumb","itemListElement":[{"@type":"ListItem","position":1,"name":"Anasayfa","item":"https:\/\/dev.geninteraktif.com\/residorm\/"},{"@type":"ListItem","position":2,"name":"Guesthouse","item":"https:\/\/dev.geninteraktif.com\/residorm\/en\/guesthouse\/"},{"@type":"ListItem","position":3,"name":"Residorm K\u0131r\u0131kkale"}]},{"@type":"WebSite","@id":"https:\/\/dev.geninteraktif.com\/residorm\/#website","url":"https:\/\/dev.geninteraktif.com\/residorm\/","name":"Residorm \u00d6\u011frenci Yurtlar\u0131","description":"Kamp\u00fcs\u00fcn i\u00e7inde, fak\u00fcltelerin yan\u0131ba\u015f\u0131nda...","publisher":{"@id":"https:\/\/dev.geninteraktif.com\/residorm\/#organization"},"potentialAction":[{"@type":"SearchAction","target":{"@type":"EntryPoint","urlTemplate":"https:\/\/dev.geninteraktif.com\/residorm\/?s={search_term_string}"},"query-input":"required name=search_term_string"}],"inLanguage":"tr"},{"@type":"Organization","@id":"https:\/\/dev.geninteraktif.com\/residorm\/#organization","name":"Residorm","url":"https:\/\/dev.geninteraktif.com\/residorm\/","logo":{"@type":"ImageObject","inLanguage":"tr","@id":"https:\/\/dev.geninteraktif.com\/residorm\/#\/schema\/logo\/image\/","url":"https:\/\/dev.geninteraktif.com\/residorm\/wp-content\/uploads\/2015\/07\/residorm_footer.png","contentUrl":"https:\/\/dev.geninteraktif.com\/residorm\/wp-content\/uploads\/2015\/07\/residorm_footer.png","width":200,"height":73,"caption":"Residorm"},"image":{"@id":"https:\/\/dev.geninteraktif.com\/residorm\/#\/schema\/logo\/image\/"},"sameAs":["https:\/\/www.facebook.com\/residorm\/","https:\/\/x.com\/ResidormTR","https:\/\/www.instagram.com\/residorm\/","https:\/\/www.youtube.com\/channel\/UCjDRFENmtUYxdQYCLtcegLg"]}]}},"_links":{"self":[{"href":"https:\/\/dev.geninteraktif.com\/residorm\/wp-json\/wp\/v2\/pages\/8020","targetHints":{"allow":["GET"]}}],"collection":[{"href":"https:\/\/dev.geninteraktif.com\/residorm\/wp-json\/wp\/v2\/pages"}],"about":[{"href":"https:\/\/dev.geninteraktif.com\/residorm\/wp-json\/wp\/v2\/types\/page"}],"author":[{"embeddable":true,"href":"https:\/\/dev.geninteraktif.com\/residorm\/wp-json\/wp\/v2\/users\/1"}],"replies":[{"embeddable":true,"href":"https:\/\/dev.geninteraktif.com\/residorm\/wp-json\/wp\/v2\/comments?post=8020"}],"version-history":[{"count":4,"href":"https:\/\/dev.geninteraktif.com\/residorm\/wp-json\/wp\/v2\/pages\/8020\/revisions"}],"predecessor-version":[{"id":8043,"href":"https:\/\/dev.geninteraktif.com\/residorm\/wp-json\/wp\/v2\/pages\/8020\/revisions\/8043"}],"up":[{"embeddable":true,"href":"https:\/\/dev.geninteraktif.com\/residorm\/wp-json\/wp\/v2\/pages\/8012"}],"wp:featuredmedia":[{"embeddable":true,"href":"https:\/\/dev.geninteraktif.com\/residorm\/wp-json\/wp\/v2\/media\/7429"}],"wp:attachment":[{"href":"https:\/\/dev.geninteraktif.com\/residorm\/wp-json\/wp\/v2\/media?parent=8020"}],"curies":[{"name":"wp","href":"https:\/\/api.w.org\/{rel}","templated":true}]}}