{"id":8012,"date":"2024-06-28T02:22:46","date_gmt":"2024-06-27T23:22:46","guid":{"rendered":"https:\/\/dev.geninteraktif.com\/residorm\/?page_id=8012"},"modified":"2024-06-28T02:36:31","modified_gmt":"2024-06-27T23:36:31","slug":"guesthouse","status":"publish","type":"page","link":"https:\/\/dev.geninteraktif.com\/residorm\/en\/guesthouse\/","title":{"rendered":"Guesthouse"},"content":{"rendered":"\t\t<div data-elementor-type=\"wp-page\" data-elementor-id=\"8012\" class=\"elementor elementor-8012\" data-elementor-post-type=\"page\">\n\t\t\t\t<div data-particle_enable=\"false\" data-particle-mobile-disabled=\"false\" class=\"elementor-element elementor-element-b612d42 e-flex e-con-boxed e-con e-parent\" data-id=\"b612d42\" data-element_type=\"container\">\n\t\t\t\t\t<div class=\"e-con-inner\">\n\t\t<div data-particle_enable=\"false\" data-particle-mobile-disabled=\"false\" class=\"elementor-element elementor-element-8d08445 e-con-full e-flex e-con e-child\" data-id=\"8d08445\" data-element_type=\"container\">\n\t\t\t\t<div class=\"elementor-element elementor-element-d4059fd eael-fg-hoverer-content-align-center elementor-widget elementor-widget-eael-filterable-gallery\" data-id=\"d4059fd\" data-element_type=\"widget\" data-settings=\"{&quot;photo_gallery&quot;:&quot;yes&quot;,&quot;pagination&quot;:&quot;false&quot;}\" data-widget_type=\"eael-filterable-gallery.default\">\n\t\t\t\t<div class=\"elementor-widget-container\">\n\t\t\t<style id=\"eael-fg-inline-css-d4059fd\">@media only screen and (max-width: 2399px) {\n\t\t\t\t\t.elementor-element.elementor-element-d4059fd .eael-filterable-gallery-item-wrap {\n\t\t\t\t\t        width: 100%;\n\t\t\t\t\t    }\n\t\t\t\t\t}@media only screen and (max-width: 1024px) {\n\t\t\t\t\t.elementor-element.elementor-element-d4059fd  .eael-filterable-gallery-item-wrap {\n\t\t\t\t\t        width: 50%;\n\t\t\t\t\t    }\n\t\t\t\t\t}@media only screen and (max-width: 767px) {\n\t\t\t\t\t.elementor-element.elementor-element-d4059fd  .eael-filterable-gallery-item-wrap {\n\t\t\t\t\t        width: 100%;\n\t\t\t\t\t    }\n\t\t\t\t\t}<\/style>        <div id=\"eael-filter-gallery-wrapper-d4059fd\" class=\"eael-filter-gallery-wrapper\" data-layout-mode=\"hoverer\" data-breakpoints=\"{&quot;mobile&quot;:{&quot;label&quot;:&quot;Mobil Portre&quot;,&quot;value&quot;:767,&quot;default_value&quot;:767,&quot;direction&quot;:&quot;max&quot;,&quot;is_enabled&quot;:true},&quot;mobile_extra&quot;:{&quot;label&quot;:&quot;Mobil G\\u00f6r\\u00fcn\\u00fcm\\u00fc&quot;,&quot;value&quot;:880,&quot;default_value&quot;:880,&quot;direction&quot;:&quot;max&quot;,&quot;is_enabled&quot;:false},&quot;tablet&quot;:{&quot;label&quot;:&quot;Tablet Portresi&quot;,&quot;value&quot;:1024,&quot;default_value&quot;:1024,&quot;direction&quot;:&quot;max&quot;,&quot;is_enabled&quot;:true},&quot;tablet_extra&quot;:{&quot;label&quot;:&quot;Tablet G\\u00f6r\\u00fcn\\u00fcm\\u00fc&quot;,&quot;value&quot;:1200,&quot;default_value&quot;:1200,&quot;direction&quot;:&quot;max&quot;,&quot;is_enabled&quot;:false},&quot;laptop&quot;:{&quot;label&quot;:&quot;Diz\\u00fcst\\u00fc bilgisayar&quot;,&quot;value&quot;:1366,&quot;default_value&quot;:1366,&quot;direction&quot;:&quot;max&quot;,&quot;is_enabled&quot;:false},&quot;widescreen&quot;:{&quot;label&quot;:&quot;Geni\\u015f ekran&quot;,&quot;value&quot;:2400,&quot;default_value&quot;:2400,&quot;direction&quot;:&quot;min&quot;,&quot;is_enabled&quot;:false}}\" data-default_control_key=\"0\" data-custom_default_control=\"1\">\n            \n            \n            <div class=\"eael-filter-gallery-container eael-filter-gallery-grid\" data-images-per-page=\"\" data-total-gallery-items=\"1\" data-nomore-item-text=\"\" data-settings=\"{&quot;grid_style&quot;:&quot;grid&quot;,&quot;popup&quot;:&quot;buttons&quot;,&quot;duration&quot;:500,&quot;gallery_enabled&quot;:&quot;yes&quot;,&quot;video_gallery_yt_privacy&quot;:&quot;&quot;,&quot;control_all_text&quot;:null,&quot;post_id&quot;:8012,&quot;widget_id&quot;:&quot;d4059fd&quot;}\" data-search-all=\"\" data-gallery-items=\"[&quot;\\u003Cdiv class=\\u0022eael-filterable-gallery-item-wrap\\u0022\\u003E\\n\\t\\t\\t\\t\\u003Cdiv class=\\u0022eael-gallery-grid-item\\u0022\\u003E\\u003Ca href=\\u0022https:\\\/\\\/dev.geninteraktif.com\\\/residorm\\\/en\\\/guesthouse\\\/residorm-kirikkale-guesthouse\\\/\\u0022\\u003E\\u003Cdiv class=\\u0022gallery-item-thumbnail-wrap\\u0022\\u003E\\u003Cimg src=\\u0022https:\\\/\\\/dev.geninteraktif.com\\\/residorm\\\/wp-content\\\/uploads\\\/2016\\\/10\\\/misafirhane-kirikkale-4.jpg\\u0022 data-lazy-src=\\u0022https:\\\/\\\/dev.geninteraktif.com\\\/residorm\\\/wp-content\\\/uploads\\\/2016\\\/10\\\/misafirhane-kirikkale-4.jpg\\u0022 alt=\\u0022\\u0022 class=\\u0022gallery-item-thumbnail\\u0022\\u003E\\u003C\\\/div\\u003E\\u003Cdiv class=\\u0022gallery-item-caption-wrap caption-style-hoverer eael-slide-up\\u0022\\u003E\\u003Cdiv class=\\u0022gallery-item-hoverer-bg\\u0022\\u003E\\u003C\\\/div\\u003E\\u003Cdiv class=\\u0022gallery-item-caption-over\\u0022\\u003E\\u003Ch5 class=\\u0022fg-item-title\\u0022\\u003EResidorm K\u0131r\u0131kkale\\u003C\\\/h5\\u003E\\u003Cdiv class=\\u0022fg-item-content\\u0022\\u003E\\u003Cp\\u003EPlease Click\\u003C\\\/p\\u003E\\n\\u003C\\\/div\\u003E\\u003C\\\/div\\u003E\\u003C\\\/div\\u003E\\u003C\\\/a\\u003E\\u003C\\\/a\\u003E\\u003C\\\/div\\u003E\\u003C\\\/div\\u003E&quot;]\" data-init-show=\"1\">\n                <div class=\"eael-filterable-gallery-item-wrap\">\n\t\t\t\t<div class=\"eael-gallery-grid-item\"><a href=\"https:\/\/dev.geninteraktif.com\/residorm\/en\/guesthouse\/residorm-kirikkale-guesthouse\/\"><div class=\"gallery-item-thumbnail-wrap\"><img decoding=\"async\" src=\"https:\/\/dev.geninteraktif.com\/residorm\/wp-content\/uploads\/2016\/10\/misafirhane-kirikkale-4.jpg\" alt=\"\" class=\"gallery-item-thumbnail\"><\/div><div class=\"gallery-item-caption-wrap caption-style-hoverer eael-slide-up\"><div class=\"gallery-item-hoverer-bg\"><\/div><div class=\"gallery-item-caption-over\"><h5 class=\"fg-item-title\">Residorm K\u0131r\u0131kkale<\/h5><div class=\"fg-item-content\"><p>Please Click<\/p>\n<\/div><\/div><\/div><\/a><\/a><\/div><\/div>            <\/div>\n            \n                    <\/div>\n        \n        \t\t<\/div>\n\t\t\t\t<\/div>\n\t\t\t\t<\/div>\n\t\t<div data-particle_enable=\"false\" data-particle-mobile-disabled=\"false\" class=\"elementor-element elementor-element-2340d6f e-con-full e-flex e-con e-child\" data-id=\"2340d6f\" data-element_type=\"container\">\n\t\t\t\t<\/div>\n\t\t\t\t\t<\/div>\n\t\t\t\t<\/div>\n\t\t\t\t<\/div>\n\t\t","protected":false},"excerpt":{"rendered":"<p>Residorm K\u0131r\u0131kkale Please Click<\/p>\n","protected":false},"author":1,"featured_media":7429,"parent":0,"menu_order":9,"comment_status":"closed","ping_status":"closed","template":"","meta":{"footnotes":""},"class_list":["post-8012","page","type-page","status-publish","has-post-thumbnail","hentry"],"yoast_head":"<!-- This site is optimized with the Yoast SEO plugin v23.0 - https:\/\/yoast.com\/wordpress\/plugins\/seo\/ -->\n<title>Guesthouse | Residorm Student Dorms<\/title>\n<meta name=\"description\" content=\"You can contact our residence to stay in our guesthouse in K\u0131r\u0131kkale.\" \/>\n<meta name=\"robots\" content=\"index, follow, max-snippet:-1, max-image-preview:large, max-video-preview:-1\" \/>\n<link rel=\"canonical\" href=\"https:\/\/dev.geninteraktif.com\/residorm\/en\/guesthouse\/\" \/>\n<meta property=\"og:locale\" content=\"tr_TR\" \/>\n<meta property=\"og:type\" content=\"article\" \/>\n<meta property=\"og:title\" content=\"Guesthouse | Residorm Student Dorms\" \/>\n<meta property=\"og:description\" content=\"You can contact our residence to stay in our guesthouse in K\u0131r\u0131kkale.\" \/>\n<meta property=\"og:url\" content=\"https:\/\/dev.geninteraktif.com\/residorm\/en\/guesthouse\/\" \/>\n<meta property=\"og:site_name\" content=\"Residorm \u00d6\u011frenci Yurtlar\u0131\" \/>\n<meta property=\"article:publisher\" content=\"https:\/\/www.facebook.com\/residorm\/\" \/>\n<meta property=\"article:modified_time\" content=\"2024-06-27T23:36:31+00:00\" \/>\n<meta property=\"og:image\" content=\"https:\/\/dev.geninteraktif.com\/residorm\/wp-content\/uploads\/2024\/06\/fallback-image.jpg\" \/>\n\t<meta property=\"og:image:width\" content=\"360\" \/>\n\t<meta property=\"og:image:height\" content=\"240\" \/>\n\t<meta property=\"og:image:type\" content=\"image\/jpeg\" \/>\n<meta name=\"twitter:card\" content=\"summary_large_image\" \/>\n<meta name=\"twitter:site\" content=\"@ResidormTR\" \/>\n<meta name=\"twitter:label1\" content=\"Tahmini okuma s\u00fcresi\" \/>\n\t<meta name=\"twitter:data1\" content=\"1 dakika\" \/>\n<script type=\"application\/ld+json\" class=\"yoast-schema-graph\">{\"@context\":\"https:\/\/schema.org\",\"@graph\":[{\"@type\":\"WebPage\",\"@id\":\"https:\/\/dev.geninteraktif.com\/residorm\/en\/guesthouse\/\",\"url\":\"https:\/\/dev.geninteraktif.com\/residorm\/en\/guesthouse\/\",\"name\":\"Guesthouse | Residorm Student Dorms\",\"isPartOf\":{\"@id\":\"https:\/\/dev.geninteraktif.com\/residorm\/#website\"},\"primaryImageOfPage\":{\"@id\":\"https:\/\/dev.geninteraktif.com\/residorm\/en\/guesthouse\/#primaryimage\"},\"image\":{\"@id\":\"https:\/\/dev.geninteraktif.com\/residorm\/en\/guesthouse\/#primaryimage\"},\"thumbnailUrl\":\"https:\/\/dev.geninteraktif.com\/residorm\/wp-content\/uploads\/2024\/06\/fallback-image.jpg\",\"datePublished\":\"2024-06-27T23:22:46+00:00\",\"dateModified\":\"2024-06-27T23:36:31+00:00\",\"description\":\"You can contact our residence to stay in our guesthouse in K\u0131r\u0131kkale.\",\"breadcrumb\":{\"@id\":\"https:\/\/dev.geninteraktif.com\/residorm\/en\/guesthouse\/#breadcrumb\"},\"inLanguage\":\"tr\",\"potentialAction\":[{\"@type\":\"ReadAction\",\"target\":[\"https:\/\/dev.geninteraktif.com\/residorm\/en\/guesthouse\/\"]}]},{\"@type\":\"ImageObject\",\"inLanguage\":\"tr\",\"@id\":\"https:\/\/dev.geninteraktif.com\/residorm\/en\/guesthouse\/#primaryimage\",\"url\":\"https:\/\/dev.geninteraktif.com\/residorm\/wp-content\/uploads\/2024\/06\/fallback-image.jpg\",\"contentUrl\":\"https:\/\/dev.geninteraktif.com\/residorm\/wp-content\/uploads\/2024\/06\/fallback-image.jpg\",\"width\":360,\"height\":240},{\"@type\":\"BreadcrumbList\",\"@id\":\"https:\/\/dev.geninteraktif.com\/residorm\/en\/guesthouse\/#breadcrumb\",\"itemListElement\":[{\"@type\":\"ListItem\",\"position\":1,\"name\":\"Anasayfa\",\"item\":\"https:\/\/dev.geninteraktif.com\/residorm\/\"},{\"@type\":\"ListItem\",\"position\":2,\"name\":\"Guesthouse\"}]},{\"@type\":\"WebSite\",\"@id\":\"https:\/\/dev.geninteraktif.com\/residorm\/#website\",\"url\":\"https:\/\/dev.geninteraktif.com\/residorm\/\",\"name\":\"Residorm \u00d6\u011frenci Yurtlar\u0131\",\"description\":\"Kamp\u00fcs\u00fcn i\u00e7inde, fak\u00fcltelerin yan\u0131ba\u015f\u0131nda...\",\"publisher\":{\"@id\":\"https:\/\/dev.geninteraktif.com\/residorm\/#organization\"},\"potentialAction\":[{\"@type\":\"SearchAction\",\"target\":{\"@type\":\"EntryPoint\",\"urlTemplate\":\"https:\/\/dev.geninteraktif.com\/residorm\/?s={search_term_string}\"},\"query-input\":\"required name=search_term_string\"}],\"inLanguage\":\"tr\"},{\"@type\":\"Organization\",\"@id\":\"https:\/\/dev.geninteraktif.com\/residorm\/#organization\",\"name\":\"Residorm\",\"url\":\"https:\/\/dev.geninteraktif.com\/residorm\/\",\"logo\":{\"@type\":\"ImageObject\",\"inLanguage\":\"tr\",\"@id\":\"https:\/\/dev.geninteraktif.com\/residorm\/#\/schema\/logo\/image\/\",\"url\":\"https:\/\/dev.geninteraktif.com\/residorm\/wp-content\/uploads\/2015\/07\/residorm_footer.png\",\"contentUrl\":\"https:\/\/dev.geninteraktif.com\/residorm\/wp-content\/uploads\/2015\/07\/residorm_footer.png\",\"width\":200,\"height\":73,\"caption\":\"Residorm\"},\"image\":{\"@id\":\"https:\/\/dev.geninteraktif.com\/residorm\/#\/schema\/logo\/image\/\"},\"sameAs\":[\"https:\/\/www.facebook.com\/residorm\/\",\"https:\/\/x.com\/ResidormTR\",\"https:\/\/www.instagram.com\/residorm\/\",\"https:\/\/www.youtube.com\/channel\/UCjDRFENmtUYxdQYCLtcegLg\"]}]}<\/script>\n<!-- \/ Yoast SEO plugin. -->","yoast_head_json":{"title":"Guesthouse | Residorm Student Dorms","description":"You can contact our residence to stay in our guesthouse in K\u0131r\u0131kkale.","robots":{"index":"index","follow":"follow","max-snippet":"max-snippet:-1","max-image-preview":"max-image-preview:large","max-video-preview":"max-video-preview:-1"},"canonical":"https:\/\/dev.geninteraktif.com\/residorm\/en\/guesthouse\/","og_locale":"tr_TR","og_type":"article","og_title":"Guesthouse | Residorm Student Dorms","og_description":"You can contact our residence to stay in our guesthouse in K\u0131r\u0131kkale.","og_url":"https:\/\/dev.geninteraktif.com\/residorm\/en\/guesthouse\/","og_site_name":"Residorm \u00d6\u011frenci Yurtlar\u0131","article_publisher":"https:\/\/www.facebook.com\/residorm\/","article_modified_time":"2024-06-27T23:36:31+00:00","og_image":[{"width":360,"height":240,"url":"https:\/\/dev.geninteraktif.com\/residorm\/wp-content\/uploads\/2024\/06\/fallback-image.jpg","type":"image\/jpeg"}],"twitter_card":"summary_large_image","twitter_site":"@ResidormTR","twitter_misc":{"Tahmini okuma s\u00fcresi":"1 dakika"},"schema":{"@context":"https:\/\/schema.org","@graph":[{"@type":"WebPage","@id":"https:\/\/dev.geninteraktif.com\/residorm\/en\/guesthouse\/","url":"https:\/\/dev.geninteraktif.com\/residorm\/en\/guesthouse\/","name":"Guesthouse | Residorm Student Dorms","isPartOf":{"@id":"https:\/\/dev.geninteraktif.com\/residorm\/#website"},"primaryImageOfPage":{"@id":"https:\/\/dev.geninteraktif.com\/residorm\/en\/guesthouse\/#primaryimage"},"image":{"@id":"https:\/\/dev.geninteraktif.com\/residorm\/en\/guesthouse\/#primaryimage"},"thumbnailUrl":"https:\/\/dev.geninteraktif.com\/residorm\/wp-content\/uploads\/2024\/06\/fallback-image.jpg","datePublished":"2024-06-27T23:22:46+00:00","dateModified":"2024-06-27T23:36:31+00:00","description":"You can contact our residence to stay in our guesthouse in K\u0131r\u0131kkale.","breadcrumb":{"@id":"https:\/\/dev.geninteraktif.com\/residorm\/en\/guesthouse\/#breadcrumb"},"inLanguage":"tr","potentialAction":[{"@type":"ReadAction","target":["https:\/\/dev.geninteraktif.com\/residorm\/en\/guesthouse\/"]}]},{"@type":"ImageObject","inLanguage":"tr","@id":"https:\/\/dev.geninteraktif.com\/residorm\/en\/guesthouse\/#primaryimage","url":"https:\/\/dev.geninteraktif.com\/residorm\/wp-content\/uploads\/2024\/06\/fallback-image.jpg","contentUrl":"https:\/\/dev.geninteraktif.com\/residorm\/wp-content\/uploads\/2024\/06\/fallback-image.jpg","width":360,"height":240},{"@type":"BreadcrumbList","@id":"https:\/\/dev.geninteraktif.com\/residorm\/en\/guesthouse\/#breadcrumb","itemListElement":[{"@type":"ListItem","position":1,"name":"Anasayfa","item":"https:\/\/dev.geninteraktif.com\/residorm\/"},{"@type":"ListItem","position":2,"name":"Guesthouse"}]},{"@type":"WebSite","@id":"https:\/\/dev.geninteraktif.com\/residorm\/#website","url":"https:\/\/dev.geninteraktif.com\/residorm\/","name":"Residorm \u00d6\u011frenci Yurtlar\u0131","description":"Kamp\u00fcs\u00fcn i\u00e7inde, fak\u00fcltelerin yan\u0131ba\u015f\u0131nda...","publisher":{"@id":"https:\/\/dev.geninteraktif.com\/residorm\/#organization"},"potentialAction":[{"@type":"SearchAction","target":{"@type":"EntryPoint","urlTemplate":"https:\/\/dev.geninteraktif.com\/residorm\/?s={search_term_string}"},"query-input":"required name=search_term_string"}],"inLanguage":"tr"},{"@type":"Organization","@id":"https:\/\/dev.geninteraktif.com\/residorm\/#organization","name":"Residorm","url":"https:\/\/dev.geninteraktif.com\/residorm\/","logo":{"@type":"ImageObject","inLanguage":"tr","@id":"https:\/\/dev.geninteraktif.com\/residorm\/#\/schema\/logo\/image\/","url":"https:\/\/dev.geninteraktif.com\/residorm\/wp-content\/uploads\/2015\/07\/residorm_footer.png","contentUrl":"https:\/\/dev.geninteraktif.com\/residorm\/wp-content\/uploads\/2015\/07\/residorm_footer.png","width":200,"height":73,"caption":"Residorm"},"image":{"@id":"https:\/\/dev.geninteraktif.com\/residorm\/#\/schema\/logo\/image\/"},"sameAs":["https:\/\/www.facebook.com\/residorm\/","https:\/\/x.com\/ResidormTR","https:\/\/www.instagram.com\/residorm\/","https:\/\/www.youtube.com\/channel\/UCjDRFENmtUYxdQYCLtcegLg"]}]}},"_links":{"self":[{"href":"https:\/\/dev.geninteraktif.com\/residorm\/wp-json\/wp\/v2\/pages\/8012","targetHints":{"allow":["GET"]}}],"collection":[{"href":"https:\/\/dev.geninteraktif.com\/residorm\/wp-json\/wp\/v2\/pages"}],"about":[{"href":"https:\/\/dev.geninteraktif.com\/residorm\/wp-json\/wp\/v2\/types\/page"}],"author":[{"embeddable":true,"href":"https:\/\/dev.geninteraktif.com\/residorm\/wp-json\/wp\/v2\/users\/1"}],"replies":[{"embeddable":true,"href":"https:\/\/dev.geninteraktif.com\/residorm\/wp-json\/wp\/v2\/comments?post=8012"}],"version-history":[{"count":7,"href":"https:\/\/dev.geninteraktif.com\/residorm\/wp-json\/wp\/v2\/pages\/8012\/revisions"}],"predecessor-version":[{"id":8027,"href":"https:\/\/dev.geninteraktif.com\/residorm\/wp-json\/wp\/v2\/pages\/8012\/revisions\/8027"}],"wp:featuredmedia":[{"embeddable":true,"href":"https:\/\/dev.geninteraktif.com\/residorm\/wp-json\/wp\/v2\/media\/7429"}],"wp:attachment":[{"href":"https:\/\/dev.geninteraktif.com\/residorm\/wp-json\/wp\/v2\/media?parent=8012"}],"curies":[{"name":"wp","href":"https:\/\/api.w.org\/{rel}","templated":true}]}}