{"id":7748,"date":"2024-06-27T17:52:40","date_gmt":"2024-06-27T14:52:40","guid":{"rendered":"https:\/\/dev.geninteraktif.com\/residorm\/?page_id=7748"},"modified":"2024-06-28T03:01:19","modified_gmt":"2024-06-28T00:01:19","slug":"residorms","status":"publish","type":"page","link":"https:\/\/dev.geninteraktif.com\/residorm\/en\/residorms\/","title":{"rendered":"Residorms"},"content":{"rendered":"\t\t<div data-elementor-type=\"wp-page\" data-elementor-id=\"7748\" class=\"elementor elementor-7748\" data-elementor-post-type=\"page\">\n\t\t\t\t<div data-particle_enable=\"false\" data-particle-mobile-disabled=\"false\" class=\"elementor-element elementor-element-81ec84b e-flex e-con-boxed e-con e-parent\" data-id=\"81ec84b\" data-element_type=\"container\">\n\t\t\t\t\t<div class=\"e-con-inner\">\n\t\t\t\t<div class=\"elementor-element elementor-element-7dd4ba7 elementor-widget elementor-widget-heading\" data-id=\"7dd4ba7\" data-element_type=\"widget\" data-widget_type=\"heading.default\">\n\t\t\t\t<div class=\"elementor-widget-container\">\n\t\t\t<style>\/*! elementor - v3.22.0 - 26-06-2024 *\/\n.elementor-heading-title{padding:0;margin:0;line-height:1}.elementor-widget-heading .elementor-heading-title[class*=elementor-size-]>a{color:inherit;font-size:inherit;line-height:inherit}.elementor-widget-heading .elementor-heading-title.elementor-size-small{font-size:15px}.elementor-widget-heading .elementor-heading-title.elementor-size-medium{font-size:19px}.elementor-widget-heading .elementor-heading-title.elementor-size-large{font-size:29px}.elementor-widget-heading .elementor-heading-title.elementor-size-xl{font-size:39px}.elementor-widget-heading .elementor-heading-title.elementor-size-xxl{font-size:59px}<\/style><h1 class=\"elementor-heading-title elementor-size-default\">RESIDORM STUDENT DORMS<\/h1>\t\t<\/div>\n\t\t\t\t<\/div>\n\t\t\t\t<div class=\"elementor-element elementor-element-8a1be4e elementor-widget__width-initial elementor-widget elementor-widget-spacer\" data-id=\"8a1be4e\" data-element_type=\"widget\" data-widget_type=\"spacer.default\">\n\t\t\t\t<div class=\"elementor-widget-container\">\n\t\t\t<style>\/*! elementor - v3.22.0 - 26-06-2024 *\/\n.elementor-column .elementor-spacer-inner{height:var(--spacer-size)}.e-con{--container-widget-width:100%}.e-con-inner>.elementor-widget-spacer,.e-con>.elementor-widget-spacer{width:var(--container-widget-width,var(--spacer-size));--align-self:var(--container-widget-align-self,initial);--flex-shrink:0}.e-con-inner>.elementor-widget-spacer>.elementor-widget-container,.e-con>.elementor-widget-spacer>.elementor-widget-container{height:100%;width:100%}.e-con-inner>.elementor-widget-spacer>.elementor-widget-container>.elementor-spacer,.e-con>.elementor-widget-spacer>.elementor-widget-container>.elementor-spacer{height:100%}.e-con-inner>.elementor-widget-spacer>.elementor-widget-container>.elementor-spacer>.elementor-spacer-inner,.e-con>.elementor-widget-spacer>.elementor-widget-container>.elementor-spacer>.elementor-spacer-inner{height:var(--container-widget-height,var(--spacer-size))}.e-con-inner>.elementor-widget-spacer.elementor-widget-empty,.e-con>.elementor-widget-spacer.elementor-widget-empty{position:relative;min-height:22px;min-width:22px}.e-con-inner>.elementor-widget-spacer.elementor-widget-empty .elementor-widget-empty-icon,.e-con>.elementor-widget-spacer.elementor-widget-empty .elementor-widget-empty-icon{position:absolute;top:0;bottom:0;left:0;right:0;margin:auto;padding:0;width:22px;height:22px}<\/style>\t\t<div class=\"elementor-spacer\">\n\t\t\t<div class=\"elementor-spacer-inner\"><\/div>\n\t\t<\/div>\n\t\t\t\t<\/div>\n\t\t\t\t<\/div>\n\t\t\t\t\t<\/div>\n\t\t\t\t<\/div>\n\t\t<div data-particle_enable=\"false\" data-particle-mobile-disabled=\"false\" class=\"elementor-element elementor-element-8a3f9e2 e-flex e-con-boxed e-con e-parent\" data-id=\"8a3f9e2\" data-element_type=\"container\">\n\t\t\t\t\t<div class=\"e-con-inner\">\n\t\t<div data-particle_enable=\"false\" data-particle-mobile-disabled=\"false\" class=\"elementor-element elementor-element-1f353dc e-con-full e-flex e-con e-child\" data-id=\"1f353dc\" data-element_type=\"container\">\n\t\t\t\t<div class=\"elementor-element elementor-element-d1a8f68 elementor-widget elementor-widget-image\" data-id=\"d1a8f68\" data-element_type=\"widget\" data-widget_type=\"image.default\">\n\t\t\t\t<div class=\"elementor-widget-container\">\n\t\t\t<style>\/*! elementor - v3.22.0 - 26-06-2024 *\/\n.elementor-widget-image{text-align:center}.elementor-widget-image a{display:inline-block}.elementor-widget-image a img[src$=\".svg\"]{width:48px}.elementor-widget-image img{vertical-align:middle;display:inline-block}<\/style>\t\t\t\t\t\t\t\t\t\t<img fetchpriority=\"high\" decoding=\"async\" width=\"400\" height=\"400\" src=\"https:\/\/dev.geninteraktif.com\/residorm\/wp-content\/uploads\/2015\/06\/residorm_balikesir9.jpg\" class=\"attachment-full size-full wp-image-1307\" alt=\"Residorm Bal\u0131kesir\" srcset=\"https:\/\/dev.geninteraktif.com\/residorm\/wp-content\/uploads\/2015\/06\/residorm_balikesir9.jpg 400w, https:\/\/dev.geninteraktif.com\/residorm\/wp-content\/uploads\/2015\/06\/residorm_balikesir9-300x300.jpg 300w, https:\/\/dev.geninteraktif.com\/residorm\/wp-content\/uploads\/2015\/06\/residorm_balikesir9-150x150.jpg 150w\" sizes=\"(max-width: 400px) 100vw, 400px\" \/>\t\t\t\t\t\t\t\t\t\t\t\t\t<\/div>\n\t\t\t\t<\/div>\n\t\t\t\t<div class=\"elementor-element elementor-element-73a19b7 elementor-align-center elementor-widget elementor-widget-button\" data-id=\"73a19b7\" data-element_type=\"widget\" data-widget_type=\"button.default\">\n\t\t\t\t<div class=\"elementor-widget-container\">\n\t\t\t\t\t<div class=\"elementor-button-wrapper\">\n\t\t\t<a class=\"elementor-button elementor-button-link elementor-size-sm\" href=\"https:\/\/dev.geninteraktif.com\/residorm\/en\/residorm-balikesir\/\">\n\t\t\t\t\t\t<span class=\"elementor-button-content-wrapper\">\n\t\t\t\t\t\t\t\t\t<span class=\"elementor-button-text\">Residorm Bal\u0131kesir<\/span>\n\t\t\t\t\t<\/span>\n\t\t\t\t\t<\/a>\n\t\t<\/div>\n\t\t\t\t<\/div>\n\t\t\t\t<\/div>\n\t\t\t\t<\/div>\n\t\t<div data-particle_enable=\"false\" data-particle-mobile-disabled=\"false\" class=\"elementor-element elementor-element-5fd21df e-con-full e-flex e-con e-child\" data-id=\"5fd21df\" data-element_type=\"container\">\n\t\t\t\t<div class=\"elementor-element elementor-element-76562eb elementor-widget elementor-widget-image\" data-id=\"76562eb\" data-element_type=\"widget\" data-widget_type=\"image.default\">\n\t\t\t\t<div class=\"elementor-widget-container\">\n\t\t\t\t\t\t\t\t\t\t\t\t\t<img decoding=\"async\" width=\"400\" height=\"400\" src=\"https:\/\/dev.geninteraktif.com\/residorm\/wp-content\/uploads\/2015\/06\/residorm_kirikkale_bina2.jpg\" class=\"attachment-full size-full wp-image-1308\" alt=\"Residorm K\u0131r\u0131kkale\" srcset=\"https:\/\/dev.geninteraktif.com\/residorm\/wp-content\/uploads\/2015\/06\/residorm_kirikkale_bina2.jpg 400w, https:\/\/dev.geninteraktif.com\/residorm\/wp-content\/uploads\/2015\/06\/residorm_kirikkale_bina2-300x300.jpg 300w, https:\/\/dev.geninteraktif.com\/residorm\/wp-content\/uploads\/2015\/06\/residorm_kirikkale_bina2-150x150.jpg 150w\" sizes=\"(max-width: 400px) 100vw, 400px\" \/>\t\t\t\t\t\t\t\t\t\t\t\t\t<\/div>\n\t\t\t\t<\/div>\n\t\t\t\t<div class=\"elementor-element elementor-element-8030595 elementor-align-center elementor-widget elementor-widget-button\" data-id=\"8030595\" data-element_type=\"widget\" data-widget_type=\"button.default\">\n\t\t\t\t<div class=\"elementor-widget-container\">\n\t\t\t\t\t<div class=\"elementor-button-wrapper\">\n\t\t\t<a class=\"elementor-button elementor-button-link elementor-size-sm\" href=\"https:\/\/dev.geninteraktif.com\/residorm\/en\/residorm-kirikkale\/\">\n\t\t\t\t\t\t<span class=\"elementor-button-content-wrapper\">\n\t\t\t\t\t\t\t\t\t<span class=\"elementor-button-text\">Residorm K\u0131r\u0131kkale<\/span>\n\t\t\t\t\t<\/span>\n\t\t\t\t\t<\/a>\n\t\t<\/div>\n\t\t\t\t<\/div>\n\t\t\t\t<\/div>\n\t\t\t\t<\/div>\n\t\t<div data-particle_enable=\"false\" data-particle-mobile-disabled=\"false\" class=\"elementor-element elementor-element-f02cfa0 e-con-full e-flex e-con e-child\" data-id=\"f02cfa0\" data-element_type=\"container\">\n\t\t\t\t<div class=\"elementor-element elementor-element-ccacd77 elementor-widget elementor-widget-image\" data-id=\"ccacd77\" data-element_type=\"widget\" data-widget_type=\"image.default\">\n\t\t\t\t<div class=\"elementor-widget-container\">\n\t\t\t\t\t\t\t\t\t\t\t\t\t<img decoding=\"async\" width=\"400\" height=\"400\" src=\"https:\/\/dev.geninteraktif.com\/residorm\/wp-content\/uploads\/2015\/06\/residorm_mugla_bina1.jpg\" class=\"attachment-full size-full wp-image-1309\" alt=\"Residorm Mu\u011fla\" srcset=\"https:\/\/dev.geninteraktif.com\/residorm\/wp-content\/uploads\/2015\/06\/residorm_mugla_bina1.jpg 400w, https:\/\/dev.geninteraktif.com\/residorm\/wp-content\/uploads\/2015\/06\/residorm_mugla_bina1-300x300.jpg 300w, https:\/\/dev.geninteraktif.com\/residorm\/wp-content\/uploads\/2015\/06\/residorm_mugla_bina1-150x150.jpg 150w\" sizes=\"(max-width: 400px) 100vw, 400px\" \/>\t\t\t\t\t\t\t\t\t\t\t\t\t<\/div>\n\t\t\t\t<\/div>\n\t\t\t\t<div class=\"elementor-element elementor-element-66be12b elementor-align-center elementor-widget elementor-widget-button\" data-id=\"66be12b\" data-element_type=\"widget\" data-widget_type=\"button.default\">\n\t\t\t\t<div class=\"elementor-widget-container\">\n\t\t\t\t\t<div class=\"elementor-button-wrapper\">\n\t\t\t<a class=\"elementor-button elementor-button-link elementor-size-sm\" href=\"https:\/\/dev.geninteraktif.com\/residorm\/en\/residorm-mugla\/\">\n\t\t\t\t\t\t<span class=\"elementor-button-content-wrapper\">\n\t\t\t\t\t\t\t\t\t<span class=\"elementor-button-text\">Residorm Mu\u011fla<\/span>\n\t\t\t\t\t<\/span>\n\t\t\t\t\t<\/a>\n\t\t<\/div>\n\t\t\t\t<\/div>\n\t\t\t\t<\/div>\n\t\t\t\t<\/div>\n\t\t\t\t\t<\/div>\n\t\t\t\t<\/div>\n\t\t\t\t<\/div>\n\t\t","protected":false},"excerpt":{"rendered":"<p>RESIDORM STUDENT DORMS Residorm Bal\u0131kesir Residorm K\u0131r\u0131kkale Residorm Mu\u011fla<\/p>\n","protected":false},"author":1,"featured_media":7429,"parent":0,"menu_order":8,"comment_status":"closed","ping_status":"closed","template":"","meta":{"footnotes":""},"class_list":["post-7748","page","type-page","status-publish","has-post-thumbnail","hentry"],"yoast_head":"<!-- This site is optimized with the Yoast SEO plugin v23.0 - https:\/\/yoast.com\/wordpress\/plugins\/seo\/ -->\n<title>Residorms | Residorm Student Dorms<\/title>\n<meta name=\"description\" content=\"Bal\u0131kesir \u00dcniversitesi\u2019nin \u201c\u00c7a\u011f\u0131\u015f\u201d, Mu\u011fla S\u0131tk\u0131 Ko\u00e7man \u00dcniversitesi\u2019nin \u201cK\u00f6tekli\u201d ve K\u0131r\u0131kkale \u00dcniversitesi\u2019nin \u201cYah\u015fihan\u201d kamp\u00fcslerinin i\u00e7erisinde, \u00fcniversitenin denetimi alt\u0131nda kurumsal anlay\u0131\u015f\u0131yla zincir bir yurt olarak hizmet veren Residorm, \u201ckamp\u00fcs\u00fcn i\u00e7inde \u2013 fak\u00fcltelerin yan\u0131 ba\u015f\u0131nda\u201d slogan\u0131 ile \u00f6\u011frencilere b\u00fcy\u00fck kolayl\u0131klar sunuyor.\" \/>\n<meta name=\"robots\" content=\"index, follow, max-snippet:-1, max-image-preview:large, max-video-preview:-1\" \/>\n<link rel=\"canonical\" href=\"https:\/\/dev.geninteraktif.com\/residorm\/en\/residorms\/\" \/>\n<meta property=\"og:locale\" content=\"tr_TR\" \/>\n<meta property=\"og:type\" content=\"article\" \/>\n<meta property=\"og:title\" content=\"Residorms | Residorm Student Dorms\" \/>\n<meta property=\"og:description\" content=\"Bal\u0131kesir \u00dcniversitesi\u2019nin \u201c\u00c7a\u011f\u0131\u015f\u201d, Mu\u011fla S\u0131tk\u0131 Ko\u00e7man \u00dcniversitesi\u2019nin \u201cK\u00f6tekli\u201d ve K\u0131r\u0131kkale \u00dcniversitesi\u2019nin \u201cYah\u015fihan\u201d kamp\u00fcslerinin i\u00e7erisinde, \u00fcniversitenin denetimi alt\u0131nda kurumsal anlay\u0131\u015f\u0131yla zincir bir yurt olarak hizmet veren Residorm, \u201ckamp\u00fcs\u00fcn i\u00e7inde \u2013 fak\u00fcltelerin yan\u0131 ba\u015f\u0131nda\u201d slogan\u0131 ile \u00f6\u011frencilere b\u00fcy\u00fck kolayl\u0131klar sunuyor.\" \/>\n<meta property=\"og:url\" content=\"https:\/\/dev.geninteraktif.com\/residorm\/en\/residorms\/\" \/>\n<meta property=\"og:site_name\" content=\"Residorm \u00d6\u011frenci Yurtlar\u0131\" \/>\n<meta property=\"article:publisher\" content=\"https:\/\/www.facebook.com\/residorm\/\" \/>\n<meta property=\"article:modified_time\" content=\"2024-06-28T00:01:19+00:00\" \/>\n<meta property=\"og:image\" content=\"https:\/\/dev.geninteraktif.com\/residorm\/wp-content\/uploads\/2024\/06\/fallback-image.jpg\" \/>\n\t<meta property=\"og:image:width\" content=\"360\" \/>\n\t<meta property=\"og:image:height\" content=\"240\" \/>\n\t<meta property=\"og:image:type\" content=\"image\/jpeg\" \/>\n<meta name=\"twitter:card\" content=\"summary_large_image\" \/>\n<meta name=\"twitter:site\" content=\"@ResidormTR\" \/>\n<meta name=\"twitter:label1\" content=\"Tahmini okuma s\u00fcresi\" \/>\n\t<meta name=\"twitter:data1\" content=\"1 dakika\" \/>\n<script type=\"application\/ld+json\" class=\"yoast-schema-graph\">{\"@context\":\"https:\/\/schema.org\",\"@graph\":[{\"@type\":\"WebPage\",\"@id\":\"https:\/\/dev.geninteraktif.com\/residorm\/en\/residorms\/\",\"url\":\"https:\/\/dev.geninteraktif.com\/residorm\/en\/residorms\/\",\"name\":\"Residorms | Residorm Student Dorms\",\"isPartOf\":{\"@id\":\"https:\/\/dev.geninteraktif.com\/residorm\/#website\"},\"primaryImageOfPage\":{\"@id\":\"https:\/\/dev.geninteraktif.com\/residorm\/en\/residorms\/#primaryimage\"},\"image\":{\"@id\":\"https:\/\/dev.geninteraktif.com\/residorm\/en\/residorms\/#primaryimage\"},\"thumbnailUrl\":\"https:\/\/dev.geninteraktif.com\/residorm\/wp-content\/uploads\/2024\/06\/fallback-image.jpg\",\"datePublished\":\"2024-06-27T14:52:40+00:00\",\"dateModified\":\"2024-06-28T00:01:19+00:00\",\"description\":\"Bal\u0131kesir \u00dcniversitesi\u2019nin \u201c\u00c7a\u011f\u0131\u015f\u201d, Mu\u011fla S\u0131tk\u0131 Ko\u00e7man \u00dcniversitesi\u2019nin \u201cK\u00f6tekli\u201d ve K\u0131r\u0131kkale \u00dcniversitesi\u2019nin \u201cYah\u015fihan\u201d kamp\u00fcslerinin i\u00e7erisinde, \u00fcniversitenin denetimi alt\u0131nda kurumsal anlay\u0131\u015f\u0131yla zincir bir yurt olarak hizmet veren Residorm, \u201ckamp\u00fcs\u00fcn i\u00e7inde \u2013 fak\u00fcltelerin yan\u0131 ba\u015f\u0131nda\u201d slogan\u0131 ile \u00f6\u011frencilere b\u00fcy\u00fck kolayl\u0131klar sunuyor.\",\"breadcrumb\":{\"@id\":\"https:\/\/dev.geninteraktif.com\/residorm\/en\/residorms\/#breadcrumb\"},\"inLanguage\":\"tr\",\"potentialAction\":[{\"@type\":\"ReadAction\",\"target\":[\"https:\/\/dev.geninteraktif.com\/residorm\/en\/residorms\/\"]}]},{\"@type\":\"ImageObject\",\"inLanguage\":\"tr\",\"@id\":\"https:\/\/dev.geninteraktif.com\/residorm\/en\/residorms\/#primaryimage\",\"url\":\"https:\/\/dev.geninteraktif.com\/residorm\/wp-content\/uploads\/2024\/06\/fallback-image.jpg\",\"contentUrl\":\"https:\/\/dev.geninteraktif.com\/residorm\/wp-content\/uploads\/2024\/06\/fallback-image.jpg\",\"width\":360,\"height\":240},{\"@type\":\"BreadcrumbList\",\"@id\":\"https:\/\/dev.geninteraktif.com\/residorm\/en\/residorms\/#breadcrumb\",\"itemListElement\":[{\"@type\":\"ListItem\",\"position\":1,\"name\":\"Anasayfa\",\"item\":\"https:\/\/dev.geninteraktif.com\/residorm\/\"},{\"@type\":\"ListItem\",\"position\":2,\"name\":\"Residorms\"}]},{\"@type\":\"WebSite\",\"@id\":\"https:\/\/dev.geninteraktif.com\/residorm\/#website\",\"url\":\"https:\/\/dev.geninteraktif.com\/residorm\/\",\"name\":\"Residorm \u00d6\u011frenci Yurtlar\u0131\",\"description\":\"Kamp\u00fcs\u00fcn i\u00e7inde, fak\u00fcltelerin yan\u0131ba\u015f\u0131nda...\",\"publisher\":{\"@id\":\"https:\/\/dev.geninteraktif.com\/residorm\/#organization\"},\"potentialAction\":[{\"@type\":\"SearchAction\",\"target\":{\"@type\":\"EntryPoint\",\"urlTemplate\":\"https:\/\/dev.geninteraktif.com\/residorm\/?s={search_term_string}\"},\"query-input\":\"required name=search_term_string\"}],\"inLanguage\":\"tr\"},{\"@type\":\"Organization\",\"@id\":\"https:\/\/dev.geninteraktif.com\/residorm\/#organization\",\"name\":\"Residorm\",\"url\":\"https:\/\/dev.geninteraktif.com\/residorm\/\",\"logo\":{\"@type\":\"ImageObject\",\"inLanguage\":\"tr\",\"@id\":\"https:\/\/dev.geninteraktif.com\/residorm\/#\/schema\/logo\/image\/\",\"url\":\"https:\/\/dev.geninteraktif.com\/residorm\/wp-content\/uploads\/2015\/07\/residorm_footer.png\",\"contentUrl\":\"https:\/\/dev.geninteraktif.com\/residorm\/wp-content\/uploads\/2015\/07\/residorm_footer.png\",\"width\":200,\"height\":73,\"caption\":\"Residorm\"},\"image\":{\"@id\":\"https:\/\/dev.geninteraktif.com\/residorm\/#\/schema\/logo\/image\/\"},\"sameAs\":[\"https:\/\/www.facebook.com\/residorm\/\",\"https:\/\/x.com\/ResidormTR\",\"https:\/\/www.instagram.com\/residorm\/\",\"https:\/\/www.youtube.com\/channel\/UCjDRFENmtUYxdQYCLtcegLg\"]}]}<\/script>\n<!-- \/ Yoast SEO plugin. -->","yoast_head_json":{"title":"Residorms | Residorm Student Dorms","description":"Bal\u0131kesir \u00dcniversitesi\u2019nin \u201c\u00c7a\u011f\u0131\u015f\u201d, Mu\u011fla S\u0131tk\u0131 Ko\u00e7man \u00dcniversitesi\u2019nin \u201cK\u00f6tekli\u201d ve K\u0131r\u0131kkale \u00dcniversitesi\u2019nin \u201cYah\u015fihan\u201d kamp\u00fcslerinin i\u00e7erisinde, \u00fcniversitenin denetimi alt\u0131nda kurumsal anlay\u0131\u015f\u0131yla zincir bir yurt olarak hizmet veren Residorm, \u201ckamp\u00fcs\u00fcn i\u00e7inde \u2013 fak\u00fcltelerin yan\u0131 ba\u015f\u0131nda\u201d slogan\u0131 ile \u00f6\u011frencilere b\u00fcy\u00fck kolayl\u0131klar sunuyor.","robots":{"index":"index","follow":"follow","max-snippet":"max-snippet:-1","max-image-preview":"max-image-preview:large","max-video-preview":"max-video-preview:-1"},"canonical":"https:\/\/dev.geninteraktif.com\/residorm\/en\/residorms\/","og_locale":"tr_TR","og_type":"article","og_title":"Residorms | Residorm Student Dorms","og_description":"Bal\u0131kesir \u00dcniversitesi\u2019nin \u201c\u00c7a\u011f\u0131\u015f\u201d, Mu\u011fla S\u0131tk\u0131 Ko\u00e7man \u00dcniversitesi\u2019nin \u201cK\u00f6tekli\u201d ve K\u0131r\u0131kkale \u00dcniversitesi\u2019nin \u201cYah\u015fihan\u201d kamp\u00fcslerinin i\u00e7erisinde, \u00fcniversitenin denetimi alt\u0131nda kurumsal anlay\u0131\u015f\u0131yla zincir bir yurt olarak hizmet veren Residorm, \u201ckamp\u00fcs\u00fcn i\u00e7inde \u2013 fak\u00fcltelerin yan\u0131 ba\u015f\u0131nda\u201d slogan\u0131 ile \u00f6\u011frencilere b\u00fcy\u00fck kolayl\u0131klar sunuyor.","og_url":"https:\/\/dev.geninteraktif.com\/residorm\/en\/residorms\/","og_site_name":"Residorm \u00d6\u011frenci Yurtlar\u0131","article_publisher":"https:\/\/www.facebook.com\/residorm\/","article_modified_time":"2024-06-28T00:01:19+00:00","og_image":[{"width":360,"height":240,"url":"https:\/\/dev.geninteraktif.com\/residorm\/wp-content\/uploads\/2024\/06\/fallback-image.jpg","type":"image\/jpeg"}],"twitter_card":"summary_large_image","twitter_site":"@ResidormTR","twitter_misc":{"Tahmini okuma s\u00fcresi":"1 dakika"},"schema":{"@context":"https:\/\/schema.org","@graph":[{"@type":"WebPage","@id":"https:\/\/dev.geninteraktif.com\/residorm\/en\/residorms\/","url":"https:\/\/dev.geninteraktif.com\/residorm\/en\/residorms\/","name":"Residorms | Residorm Student Dorms","isPartOf":{"@id":"https:\/\/dev.geninteraktif.com\/residorm\/#website"},"primaryImageOfPage":{"@id":"https:\/\/dev.geninteraktif.com\/residorm\/en\/residorms\/#primaryimage"},"image":{"@id":"https:\/\/dev.geninteraktif.com\/residorm\/en\/residorms\/#primaryimage"},"thumbnailUrl":"https:\/\/dev.geninteraktif.com\/residorm\/wp-content\/uploads\/2024\/06\/fallback-image.jpg","datePublished":"2024-06-27T14:52:40+00:00","dateModified":"2024-06-28T00:01:19+00:00","description":"Bal\u0131kesir \u00dcniversitesi\u2019nin \u201c\u00c7a\u011f\u0131\u015f\u201d, Mu\u011fla S\u0131tk\u0131 Ko\u00e7man \u00dcniversitesi\u2019nin \u201cK\u00f6tekli\u201d ve K\u0131r\u0131kkale \u00dcniversitesi\u2019nin \u201cYah\u015fihan\u201d kamp\u00fcslerinin i\u00e7erisinde, \u00fcniversitenin denetimi alt\u0131nda kurumsal anlay\u0131\u015f\u0131yla zincir bir yurt olarak hizmet veren Residorm, \u201ckamp\u00fcs\u00fcn i\u00e7inde \u2013 fak\u00fcltelerin yan\u0131 ba\u015f\u0131nda\u201d slogan\u0131 ile \u00f6\u011frencilere b\u00fcy\u00fck kolayl\u0131klar sunuyor.","breadcrumb":{"@id":"https:\/\/dev.geninteraktif.com\/residorm\/en\/residorms\/#breadcrumb"},"inLanguage":"tr","potentialAction":[{"@type":"ReadAction","target":["https:\/\/dev.geninteraktif.com\/residorm\/en\/residorms\/"]}]},{"@type":"ImageObject","inLanguage":"tr","@id":"https:\/\/dev.geninteraktif.com\/residorm\/en\/residorms\/#primaryimage","url":"https:\/\/dev.geninteraktif.com\/residorm\/wp-content\/uploads\/2024\/06\/fallback-image.jpg","contentUrl":"https:\/\/dev.geninteraktif.com\/residorm\/wp-content\/uploads\/2024\/06\/fallback-image.jpg","width":360,"height":240},{"@type":"BreadcrumbList","@id":"https:\/\/dev.geninteraktif.com\/residorm\/en\/residorms\/#breadcrumb","itemListElement":[{"@type":"ListItem","position":1,"name":"Anasayfa","item":"https:\/\/dev.geninteraktif.com\/residorm\/"},{"@type":"ListItem","position":2,"name":"Residorms"}]},{"@type":"WebSite","@id":"https:\/\/dev.geninteraktif.com\/residorm\/#website","url":"https:\/\/dev.geninteraktif.com\/residorm\/","name":"Residorm \u00d6\u011frenci Yurtlar\u0131","description":"Kamp\u00fcs\u00fcn i\u00e7inde, fak\u00fcltelerin yan\u0131ba\u015f\u0131nda...","publisher":{"@id":"https:\/\/dev.geninteraktif.com\/residorm\/#organization"},"potentialAction":[{"@type":"SearchAction","target":{"@type":"EntryPoint","urlTemplate":"https:\/\/dev.geninteraktif.com\/residorm\/?s={search_term_string}"},"query-input":"required name=search_term_string"}],"inLanguage":"tr"},{"@type":"Organization","@id":"https:\/\/dev.geninteraktif.com\/residorm\/#organization","name":"Residorm","url":"https:\/\/dev.geninteraktif.com\/residorm\/","logo":{"@type":"ImageObject","inLanguage":"tr","@id":"https:\/\/dev.geninteraktif.com\/residorm\/#\/schema\/logo\/image\/","url":"https:\/\/dev.geninteraktif.com\/residorm\/wp-content\/uploads\/2015\/07\/residorm_footer.png","contentUrl":"https:\/\/dev.geninteraktif.com\/residorm\/wp-content\/uploads\/2015\/07\/residorm_footer.png","width":200,"height":73,"caption":"Residorm"},"image":{"@id":"https:\/\/dev.geninteraktif.com\/residorm\/#\/schema\/logo\/image\/"},"sameAs":["https:\/\/www.facebook.com\/residorm\/","https:\/\/x.com\/ResidormTR","https:\/\/www.instagram.com\/residorm\/","https:\/\/www.youtube.com\/channel\/UCjDRFENmtUYxdQYCLtcegLg"]}]}},"_links":{"self":[{"href":"https:\/\/dev.geninteraktif.com\/residorm\/wp-json\/wp\/v2\/pages\/7748","targetHints":{"allow":["GET"]}}],"collection":[{"href":"https:\/\/dev.geninteraktif.com\/residorm\/wp-json\/wp\/v2\/pages"}],"about":[{"href":"https:\/\/dev.geninteraktif.com\/residorm\/wp-json\/wp\/v2\/types\/page"}],"author":[{"embeddable":true,"href":"https:\/\/dev.geninteraktif.com\/residorm\/wp-json\/wp\/v2\/users\/1"}],"replies":[{"embeddable":true,"href":"https:\/\/dev.geninteraktif.com\/residorm\/wp-json\/wp\/v2\/comments?post=7748"}],"version-history":[{"count":4,"href":"https:\/\/dev.geninteraktif.com\/residorm\/wp-json\/wp\/v2\/pages\/7748\/revisions"}],"predecessor-version":[{"id":8050,"href":"https:\/\/dev.geninteraktif.com\/residorm\/wp-json\/wp\/v2\/pages\/7748\/revisions\/8050"}],"wp:featuredmedia":[{"embeddable":true,"href":"https:\/\/dev.geninteraktif.com\/residorm\/wp-json\/wp\/v2\/media\/7429"}],"wp:attachment":[{"href":"https:\/\/dev.geninteraktif.com\/residorm\/wp-json\/wp\/v2\/media?parent=7748"}],"curies":[{"name":"wp","href":"https:\/\/api.w.org\/{rel}","templated":true}]}}