{"id":6734,"date":"2022-02-28T17:12:18","date_gmt":"2022-02-28T14:12:18","guid":{"rendered":"https:\/\/residorm.com\/?page_id=6734"},"modified":"2024-06-25T00:34:26","modified_gmt":"2024-06-24T21:34:26","slug":"kvkk","status":"publish","type":"page","link":"https:\/\/dev.geninteraktif.com\/residorm\/kvkk\/","title":{"rendered":"KVKK"},"content":{"rendered":"\t\t<div data-elementor-type=\"wp-page\" data-elementor-id=\"6734\" class=\"elementor elementor-6734\" data-elementor-post-type=\"page\">\n\t\t\t\t<div data-particle_enable=\"false\" data-particle-mobile-disabled=\"false\" class=\"elementor-element elementor-element-4779a01 e-flex e-con-boxed e-con e-parent\" data-id=\"4779a01\" data-element_type=\"container\" data-settings=\"{&quot;background_background&quot;:&quot;classic&quot;}\">\n\t\t\t\t\t<div class=\"e-con-inner\">\n\t\t\t\t<div class=\"elementor-element elementor-element-d8ca6ef elementor-widget elementor-widget-heading\" data-id=\"d8ca6ef\" data-element_type=\"widget\" data-widget_type=\"heading.default\">\n\t\t\t\t<div class=\"elementor-widget-container\">\n\t\t\t<style>\/*! elementor - v3.22.0 - 26-06-2024 *\/\n.elementor-heading-title{padding:0;margin:0;line-height:1}.elementor-widget-heading .elementor-heading-title[class*=elementor-size-]>a{color:inherit;font-size:inherit;line-height:inherit}.elementor-widget-heading .elementor-heading-title.elementor-size-small{font-size:15px}.elementor-widget-heading .elementor-heading-title.elementor-size-medium{font-size:19px}.elementor-widget-heading .elementor-heading-title.elementor-size-large{font-size:29px}.elementor-widget-heading .elementor-heading-title.elementor-size-xl{font-size:39px}.elementor-widget-heading .elementor-heading-title.elementor-size-xxl{font-size:59px}<\/style><h2 class=\"elementor-heading-title elementor-size-default\">KVKK<\/h2>\t\t<\/div>\n\t\t\t\t<\/div>\n\t\t\t\t\t<\/div>\n\t\t\t\t<\/div>\n\t\t<div data-particle_enable=\"false\" data-particle-mobile-disabled=\"false\" class=\"elementor-element elementor-element-022e7eb e-flex e-con-boxed e-con e-parent\" data-id=\"022e7eb\" data-element_type=\"container\">\n\t\t\t\t\t<div class=\"e-con-inner\">\n\t\t\t\t<div class=\"elementor-element elementor-element-966353e elementor-tabs-alignment-center elementor-tabs-view-horizontal elementor-widget elementor-widget-tabs\" data-id=\"966353e\" data-element_type=\"widget\" data-widget_type=\"tabs.default\">\n\t\t\t\t<div class=\"elementor-widget-container\">\n\t\t\t<style>\/*! elementor - v3.22.0 - 26-06-2024 *\/\n.elementor-widget-tabs.elementor-tabs-view-vertical .elementor-tabs-wrapper{width:25%;flex-shrink:0}.elementor-widget-tabs.elementor-tabs-view-vertical .elementor-tab-desktop-title.elementor-active{border-inline-end-style:none}.elementor-widget-tabs.elementor-tabs-view-vertical .elementor-tab-desktop-title.elementor-active:after,.elementor-widget-tabs.elementor-tabs-view-vertical .elementor-tab-desktop-title.elementor-active:before{height:999em;width:0;right:0;border-inline-end-style:solid}.elementor-widget-tabs.elementor-tabs-view-vertical .elementor-tab-desktop-title.elementor-active:before{top:0;transform:translateY(-100%)}.elementor-widget-tabs.elementor-tabs-view-vertical .elementor-tab-desktop-title.elementor-active:after{top:100%}.elementor-widget-tabs.elementor-tabs-view-horizontal .elementor-tab-desktop-title{display:table-cell}.elementor-widget-tabs.elementor-tabs-view-horizontal .elementor-tab-desktop-title.elementor-active{border-bottom-style:none}.elementor-widget-tabs.elementor-tabs-view-horizontal .elementor-tab-desktop-title.elementor-active:after,.elementor-widget-tabs.elementor-tabs-view-horizontal .elementor-tab-desktop-title.elementor-active:before{bottom:0;height:0;width:999em;border-bottom-style:solid}.elementor-widget-tabs.elementor-tabs-view-horizontal .elementor-tab-desktop-title.elementor-active:before{right:100%}.elementor-widget-tabs.elementor-tabs-view-horizontal .elementor-tab-desktop-title.elementor-active:after{left:100%}.elementor-widget-tabs .elementor-tab-content,.elementor-widget-tabs .elementor-tab-title,.elementor-widget-tabs .elementor-tab-title:after,.elementor-widget-tabs .elementor-tab-title:before,.elementor-widget-tabs .elementor-tabs-content-wrapper{border:1px #d5d8dc}.elementor-widget-tabs .elementor-tabs{text-align:start}.elementor-widget-tabs .elementor-tabs-wrapper{overflow:hidden}.elementor-widget-tabs .elementor-tab-title{cursor:pointer;outline:var(--focus-outline,none)}.elementor-widget-tabs .elementor-tab-desktop-title{position:relative;padding:20px 25px;font-weight:700;line-height:1;border:solid transparent}.elementor-widget-tabs .elementor-tab-desktop-title.elementor-active{border-color:#d5d8dc}.elementor-widget-tabs .elementor-tab-desktop-title.elementor-active:after,.elementor-widget-tabs .elementor-tab-desktop-title.elementor-active:before{display:block;content:\"\";position:absolute}.elementor-widget-tabs .elementor-tab-desktop-title:focus-visible{border:1px solid #000}.elementor-widget-tabs .elementor-tab-mobile-title{padding:10px;cursor:pointer}.elementor-widget-tabs .elementor-tab-content{padding:20px;display:none}@media (max-width:767px){.elementor-tabs .elementor-tab-content,.elementor-tabs .elementor-tab-title{border-style:solid solid none}.elementor-tabs .elementor-tabs-wrapper{display:none}.elementor-tabs .elementor-tabs-content-wrapper{border-bottom-style:solid}.elementor-tabs .elementor-tab-content{padding:10px}}@media (min-width:768px){.elementor-widget-tabs.elementor-tabs-view-vertical .elementor-tabs{display:flex}.elementor-widget-tabs.elementor-tabs-view-vertical .elementor-tabs-wrapper{flex-direction:column}.elementor-widget-tabs.elementor-tabs-view-vertical .elementor-tabs-content-wrapper{flex-grow:1;border-style:solid solid solid none}.elementor-widget-tabs.elementor-tabs-view-horizontal .elementor-tab-content{border-style:none solid solid}.elementor-widget-tabs.elementor-tabs-alignment-center .elementor-tabs-wrapper,.elementor-widget-tabs.elementor-tabs-alignment-end .elementor-tabs-wrapper,.elementor-widget-tabs.elementor-tabs-alignment-stretch .elementor-tabs-wrapper{display:flex}.elementor-widget-tabs.elementor-tabs-alignment-center .elementor-tabs-wrapper{justify-content:center}.elementor-widget-tabs.elementor-tabs-alignment-end .elementor-tabs-wrapper{justify-content:flex-end}.elementor-widget-tabs.elementor-tabs-alignment-stretch.elementor-tabs-view-horizontal .elementor-tab-title{width:100%}.elementor-widget-tabs.elementor-tabs-alignment-stretch.elementor-tabs-view-vertical .elementor-tab-title{height:100%}.elementor-tabs .elementor-tab-mobile-title{display:none}}<\/style>\t\t<div class=\"elementor-tabs\">\n\t\t\t<div class=\"elementor-tabs-wrapper\" role=\"tablist\" >\n\t\t\t\t\t\t\t\t\t<div id=\"elementor-tab-title-1571\" class=\"elementor-tab-title elementor-tab-desktop-title\" aria-selected=\"true\" data-tab=\"1\" role=\"tab\" tabindex=\"0\" aria-controls=\"elementor-tab-content-1571\" aria-expanded=\"false\">Residorm Bal\u0131kesir KVKK<\/div>\n\t\t\t\t\t\t\t\t\t<div id=\"elementor-tab-title-1572\" class=\"elementor-tab-title elementor-tab-desktop-title\" aria-selected=\"false\" data-tab=\"2\" role=\"tab\" tabindex=\"-1\" aria-controls=\"elementor-tab-content-1572\" aria-expanded=\"false\">Residorm K\u0131r\u0131kkale KVKK<\/div>\n\t\t\t\t\t\t\t\t\t<div id=\"elementor-tab-title-1573\" class=\"elementor-tab-title elementor-tab-desktop-title\" aria-selected=\"false\" data-tab=\"3\" role=\"tab\" tabindex=\"-1\" aria-controls=\"elementor-tab-content-1573\" aria-expanded=\"false\">Residorm Mu\u011fla KVKK<\/div>\n\t\t\t\t\t\t\t<\/div>\n\t\t\t<div class=\"elementor-tabs-content-wrapper\" role=\"tablist\" aria-orientation=\"vertical\">\n\t\t\t\t\t\t\t\t\t<div class=\"elementor-tab-title elementor-tab-mobile-title\" aria-selected=\"true\" data-tab=\"1\" role=\"tab\" tabindex=\"0\" aria-controls=\"elementor-tab-content-1571\" aria-expanded=\"false\">Residorm Bal\u0131kesir KVKK<\/div>\n\t\t\t\t\t<div id=\"elementor-tab-content-1571\" class=\"elementor-tab-content elementor-clearfix\" data-tab=\"1\" role=\"tabpanel\" aria-labelledby=\"elementor-tab-title-1571\" tabindex=\"0\" hidden=\"false\"><div class=\" \"><p><a href=\"https:\/\/www.residorm.com\/wp-content\/uploads\/2020\/07\/cagis-ogrenci-aydinlatma-metni.pdf\" target=\"_blank\" rel=\"noopener\">\u00c7A\u011eI\u015e \u00d6\u011eRENC\u0130 AYDINLATMA METN\u0130<\/a><a href=\"https:\/\/www.residorm.com\/wp-content\/uploads\/2020\/07\/cagis-kefil-veli-aydinlatma-metni-1.pdf\" target=\"_blank\" rel=\"noopener\">\u00c7A\u011eI\u015e KEF\u0130L-VEL\u0130 AYDINLATMA METN\u0130<\/a><\/p><p><a href=\"https:\/\/www.residorm.com\/wp-content\/uploads\/2020\/10\/%C3%87A%C4%9EI%C5%9E-BA%C5%9EVURU-FORMU.pdf\" target=\"_blank\" rel=\"noopener\">\u00c7A\u011eI\u015e BA\u015eVURU FORMU<\/a><\/p><p><a href=\"https:\/\/www.residorm.com\/wp-content\/uploads\/2020\/10\/%C3%87A%C4%9EI%C5%9E-%C3%87ALI%C5%9EAN-ADAYLARI-AYDINLATMA-METN%C4%B0.pdf\" target=\"_blank\" rel=\"noopener\">\u00c7A\u011eI\u015e \u00c7ALI\u015eAN ADAYLARI AYDINLATMA METN\u0130<\/a><\/p><p><a href=\"https:\/\/www.residorm.com\/wp-content\/uploads\/2020\/10\/%C3%87A%C4%9EI%C5%9E-%C4%B0%C5%9E-ORTAKLARI-K%C4%B0%C5%9E%C4%B0SEL-VER%C4%B0LER-AYDINLATMA-METN%C4%B0.pdf\" target=\"_blank\" rel=\"noopener\">\u00c7A\u011eI\u015e \u0130\u015e ORTAKLARI K\u0130\u015e\u0130SEL VER\u0130LER AYDINLATMA METN\u0130<\/a><\/p><p><a href=\"https:\/\/www.residorm.com\/wp-content\/uploads\/2020\/10\/%C3%87A%C4%9EI%C5%9E-WEB-SAYFASI-%C4%B0LET%C4%B0%C5%9E%C4%B0M-FORMU-AYDINLATMA-METN%C4%B0.pdf\" target=\"_blank\" rel=\"noopener\">\u00c7A\u011eI\u015e WEB SAYFASI \u0130LET\u0130\u015e\u0130M FORMU AYDINLATMA METN\u0130<\/a><\/p><\/div><\/div>\n\t\t\t\t\t\t\t\t\t<div class=\"elementor-tab-title elementor-tab-mobile-title\" aria-selected=\"false\" data-tab=\"2\" role=\"tab\" tabindex=\"-1\" aria-controls=\"elementor-tab-content-1572\" aria-expanded=\"false\">Residorm K\u0131r\u0131kkale KVKK<\/div>\n\t\t\t\t\t<div id=\"elementor-tab-content-1572\" class=\"elementor-tab-content elementor-clearfix\" data-tab=\"2\" role=\"tabpanel\" aria-labelledby=\"elementor-tab-title-1572\" tabindex=\"0\" hidden=\"hidden\"><p><a href=\"https:\/\/www.residorm.com\/wp-content\/uploads\/2020\/09\/YAH%C5%9E%C4%B0HAN-%C3%96%C4%9ERENC%C4%B0-AYDINLATMA-METN%C4%B0.pdf\" target=\"_blank\" rel=\"noopener\">YAH\u015e\u0130HAN \u00d6\u011eRENC\u0130 AYDINLATMA METN\u0130<\/a><a href=\"https:\/\/www.residorm.com\/wp-content\/uploads\/2020\/09\/YAH%C5%9E%C4%B0HAN-KEF%C4%B0L-VEL%C4%B0-AYDINLATMA-METN%C4%B0.pdf\" target=\"_blank\" rel=\"noopener\">YAH\u015e\u0130HAN KEF\u0130L-VEL\u0130 AYDINLATMA METN\u0130<\/a><\/p><p><a href=\"https:\/\/www.residorm.com\/wp-content\/uploads\/2020\/10\/YAH%C5%9E%C4%B0HAN-BA%C5%9EVURU-FORMU.pdf\" target=\"_blank\" rel=\"noopener\">YAH\u015e\u0130HAN BA\u015eVURU FORMU<\/a><\/p><p><a href=\"https:\/\/www.residorm.com\/wp-content\/uploads\/2020\/10\/YAH%C5%9E%C4%B0HAN-%C3%87ALI%C5%9EAN-ADAYLARI-AYDINLATMA-METN%C4%B0.pdf\" target=\"_blank\" rel=\"noopener\">YAH\u015e\u0130HAN \u00c7ALI\u015eAN ADAYLARI AYDINLATMA METN\u0130<\/a><\/p><p><a href=\"https:\/\/www.residorm.com\/wp-content\/uploads\/2020\/10\/YAH%C5%9E%C4%B0HAN-%C4%B0%C5%9E-ORTAKLARI-K%C4%B0%C5%9E%C4%B0SEL-VER%C4%B0LER-AYDINLATMA-METN%C4%B0.pdf\" target=\"_blank\" rel=\"noopener\">YAH\u015e\u0130HAN \u0130\u015e ORTAKLARI K\u0130\u015e\u0130SEL VER\u0130LER AYDINLATMA METN\u0130<\/a><\/p><p><a href=\"https:\/\/www.residorm.com\/wp-content\/uploads\/2020\/10\/YAH%C5%9E%C4%B0HAN-WEB-SAYFASI-%C4%B0LET%C4%B0%C5%9E%C4%B0M-FORMU-AYDINLATMA-METN%C4%B0.pdf\" target=\"_blank\" rel=\"noopener\">YAH\u015e\u0130HAN WEB SAYFASI \u0130LET\u0130\u015e\u0130M FORMU AYDINLATMA METN\u0130<\/a><\/p><\/div>\n\t\t\t\t\t\t\t\t\t<div class=\"elementor-tab-title elementor-tab-mobile-title\" aria-selected=\"false\" data-tab=\"3\" role=\"tab\" tabindex=\"-1\" aria-controls=\"elementor-tab-content-1573\" aria-expanded=\"false\">Residorm Mu\u011fla KVKK<\/div>\n\t\t\t\t\t<div id=\"elementor-tab-content-1573\" class=\"elementor-tab-content elementor-clearfix\" data-tab=\"3\" role=\"tabpanel\" aria-labelledby=\"elementor-tab-title-1573\" tabindex=\"0\" hidden=\"hidden\"><p><a href=\"https:\/\/www.residorm.com\/wp-content\/uploads\/2020\/09\/HAN-%C3%96%C4%9ERENC%C4%B0-AYDINLATMA-METN%C4%B0.pdf\" target=\"_blank\" rel=\"noopener\">HAN \u00d6\u011eRENC\u0130 AYDINLATMA METN\u0130<\/a><\/p><p><a href=\"https:\/\/www.residorm.com\/wp-content\/uploads\/2020\/09\/HAN-KEF%C4%B0L-VEL%C4%B0-AYDINLATMA-METN%C4%B0.pdf\" target=\"_blank\" rel=\"noopener\">HAN KEF\u0130L-VEL\u0130 AYDINLATMA METN\u0130<\/a><\/p><p><a href=\"https:\/\/www.residorm.com\/wp-content\/uploads\/2020\/10\/HAN-BA%C5%9EVURU-FORMU.pdf\" target=\"_blank\" rel=\"noopener\">HAN BA\u015eVURU FORMU<\/a><\/p><p><a href=\"https:\/\/www.residorm.com\/wp-content\/uploads\/2020\/10\/HAN-%C3%87ALI%C5%9EAN-ADAYLARI-AYDINLATMA-METN%C4%B0.pdf\" target=\"_blank\" rel=\"noopener\">HAN \u00c7ALI\u015eAN ADAYLARI AYDINLATMA METN\u0130<\/a><\/p><p><a href=\"https:\/\/www.residorm.com\/wp-content\/uploads\/2020\/10\/HAN-%C4%B0%C5%9E-ORTAKLARI-K%C4%B0%C5%9E%C4%B0SEL-VER%C4%B0LER-AYDINLATMA-METN%C4%B0.pdf\" target=\"_blank\" rel=\"noopener\">HAN \u0130\u015e ORTAKLARI K\u0130\u015e\u0130SEL VER\u0130LER AYDINLATMA METN\u0130<\/a><\/p><p><a href=\"https:\/\/www.residorm.com\/wp-content\/uploads\/2020\/10\/HAN-WEB-SAYFASI-%C4%B0LET%C4%B0%C5%9E%C4%B0M-FORMU-AYDINLATMA-METN%C4%B0.pdf\" target=\"_blank\" rel=\"noopener\">HAN WEB SAYFASI \u0130LET\u0130\u015e\u0130M FORMU AYDINLATMA METN\u0130<\/a><\/p><\/div>\n\t\t\t\t\t\t\t<\/div>\n\t\t<\/div>\n\t\t\t\t<\/div>\n\t\t\t\t<\/div>\n\t\t\t\t\t<\/div>\n\t\t\t\t<\/div>\n\t\t\t\t<\/div>\n\t\t","protected":false},"excerpt":{"rendered":"<p>KVKK Residorm Bal\u0131kesir KVKK Residorm K\u0131r\u0131kkale KVKK Residorm Mu\u011fla KVKK Residorm Bal\u0131kesir KVKK \u00c7A\u011eI\u015e \u00d6\u011eRENC\u0130 AYDINLATMA METN\u0130\u00c7A\u011eI\u015e KEF\u0130L-VEL\u0130 AYDINLATMA METN\u0130 \u00c7A\u011eI\u015e BA\u015eVURU FORMU \u00c7A\u011eI\u015e \u00c7ALI\u015eAN ADAYLARI AYDINLATMA METN\u0130 \u00c7A\u011eI\u015e \u0130\u015e ORTAKLARI K\u0130\u015e\u0130SEL VER\u0130LER AYDINLATMA METN\u0130 \u00c7A\u011eI\u015e WEB SAYFASI \u0130LET\u0130\u015e\u0130M FORMU AYDINLATMA METN\u0130 Residorm K\u0131r\u0131kkale KVKK YAH\u015e\u0130HAN \u00d6\u011eRENC\u0130 AYDINLATMA METN\u0130YAH\u015e\u0130HAN KEF\u0130L-VEL\u0130 AYDINLATMA METN\u0130 YAH\u015e\u0130HAN BA\u015eVURU FORMU [&hellip;]<\/p>\n","protected":false},"author":1,"featured_media":7429,"parent":0,"menu_order":0,"comment_status":"closed","ping_status":"closed","template":"","meta":{"footnotes":""},"class_list":["post-6734","page","type-page","status-publish","has-post-thumbnail","hentry"],"yoast_head":"<!-- This site is optimized with the Yoast SEO plugin v23.0 - https:\/\/yoast.com\/wordpress\/plugins\/seo\/ -->\n<title>KVKK - Residorm \u00d6\u011frenci Yurtlar\u0131<\/title>\n<meta name=\"robots\" content=\"index, follow, max-snippet:-1, max-image-preview:large, max-video-preview:-1\" \/>\n<link rel=\"canonical\" href=\"https:\/\/dev.geninteraktif.com\/residorm\/kvkk\/\" \/>\n<meta property=\"og:locale\" content=\"tr_TR\" \/>\n<meta property=\"og:type\" content=\"article\" \/>\n<meta property=\"og:title\" content=\"KVKK - Residorm \u00d6\u011frenci Yurtlar\u0131\" \/>\n<meta property=\"og:description\" content=\"KVKK Residorm Bal\u0131kesir KVKK Residorm K\u0131r\u0131kkale KVKK Residorm Mu\u011fla KVKK Residorm Bal\u0131kesir KVKK \u00c7A\u011eI\u015e \u00d6\u011eRENC\u0130 AYDINLATMA METN\u0130\u00c7A\u011eI\u015e KEF\u0130L-VEL\u0130 AYDINLATMA METN\u0130 \u00c7A\u011eI\u015e BA\u015eVURU FORMU \u00c7A\u011eI\u015e \u00c7ALI\u015eAN ADAYLARI AYDINLATMA METN\u0130 \u00c7A\u011eI\u015e \u0130\u015e ORTAKLARI K\u0130\u015e\u0130SEL VER\u0130LER AYDINLATMA METN\u0130 \u00c7A\u011eI\u015e WEB SAYFASI \u0130LET\u0130\u015e\u0130M FORMU AYDINLATMA METN\u0130 Residorm K\u0131r\u0131kkale KVKK YAH\u015e\u0130HAN \u00d6\u011eRENC\u0130 AYDINLATMA METN\u0130YAH\u015e\u0130HAN KEF\u0130L-VEL\u0130 AYDINLATMA METN\u0130 YAH\u015e\u0130HAN BA\u015eVURU FORMU [&hellip;]\" \/>\n<meta property=\"og:url\" content=\"https:\/\/dev.geninteraktif.com\/residorm\/kvkk\/\" \/>\n<meta property=\"og:site_name\" content=\"Residorm \u00d6\u011frenci Yurtlar\u0131\" \/>\n<meta property=\"article:publisher\" content=\"https:\/\/www.facebook.com\/residorm\/\" \/>\n<meta property=\"article:modified_time\" content=\"2024-06-24T21:34:26+00:00\" \/>\n<meta property=\"og:image\" content=\"https:\/\/dev.geninteraktif.com\/residorm\/wp-content\/uploads\/2024\/06\/fallback-image.jpg\" \/>\n\t<meta property=\"og:image:width\" content=\"360\" \/>\n\t<meta property=\"og:image:height\" content=\"240\" \/>\n\t<meta property=\"og:image:type\" content=\"image\/jpeg\" \/>\n<meta name=\"twitter:card\" content=\"summary_large_image\" \/>\n<meta name=\"twitter:site\" content=\"@ResidormTR\" \/>\n<meta name=\"twitter:label1\" content=\"Tahmini okuma s\u00fcresi\" \/>\n\t<meta name=\"twitter:data1\" content=\"1 dakika\" \/>\n<script type=\"application\/ld+json\" class=\"yoast-schema-graph\">{\"@context\":\"https:\/\/schema.org\",\"@graph\":[{\"@type\":\"WebPage\",\"@id\":\"https:\/\/dev.geninteraktif.com\/residorm\/kvkk\/\",\"url\":\"https:\/\/dev.geninteraktif.com\/residorm\/kvkk\/\",\"name\":\"KVKK - Residorm \u00d6\u011frenci Yurtlar\u0131\",\"isPartOf\":{\"@id\":\"https:\/\/dev.geninteraktif.com\/residorm\/#website\"},\"primaryImageOfPage\":{\"@id\":\"https:\/\/dev.geninteraktif.com\/residorm\/kvkk\/#primaryimage\"},\"image\":{\"@id\":\"https:\/\/dev.geninteraktif.com\/residorm\/kvkk\/#primaryimage\"},\"thumbnailUrl\":\"https:\/\/dev.geninteraktif.com\/residorm\/wp-content\/uploads\/2024\/06\/fallback-image.jpg\",\"datePublished\":\"2022-02-28T14:12:18+00:00\",\"dateModified\":\"2024-06-24T21:34:26+00:00\",\"breadcrumb\":{\"@id\":\"https:\/\/dev.geninteraktif.com\/residorm\/kvkk\/#breadcrumb\"},\"inLanguage\":\"tr\",\"potentialAction\":[{\"@type\":\"ReadAction\",\"target\":[\"https:\/\/dev.geninteraktif.com\/residorm\/kvkk\/\"]}]},{\"@type\":\"ImageObject\",\"inLanguage\":\"tr\",\"@id\":\"https:\/\/dev.geninteraktif.com\/residorm\/kvkk\/#primaryimage\",\"url\":\"https:\/\/dev.geninteraktif.com\/residorm\/wp-content\/uploads\/2024\/06\/fallback-image.jpg\",\"contentUrl\":\"https:\/\/dev.geninteraktif.com\/residorm\/wp-content\/uploads\/2024\/06\/fallback-image.jpg\",\"width\":360,\"height\":240},{\"@type\":\"BreadcrumbList\",\"@id\":\"https:\/\/dev.geninteraktif.com\/residorm\/kvkk\/#breadcrumb\",\"itemListElement\":[{\"@type\":\"ListItem\",\"position\":1,\"name\":\"Anasayfa\",\"item\":\"https:\/\/dev.geninteraktif.com\/residorm\/\"},{\"@type\":\"ListItem\",\"position\":2,\"name\":\"KVKK\"}]},{\"@type\":\"WebSite\",\"@id\":\"https:\/\/dev.geninteraktif.com\/residorm\/#website\",\"url\":\"https:\/\/dev.geninteraktif.com\/residorm\/\",\"name\":\"Residorm \u00d6\u011frenci Yurtlar\u0131\",\"description\":\"Kamp\u00fcs\u00fcn i\u00e7inde, fak\u00fcltelerin yan\u0131ba\u015f\u0131nda...\",\"publisher\":{\"@id\":\"https:\/\/dev.geninteraktif.com\/residorm\/#organization\"},\"potentialAction\":[{\"@type\":\"SearchAction\",\"target\":{\"@type\":\"EntryPoint\",\"urlTemplate\":\"https:\/\/dev.geninteraktif.com\/residorm\/?s={search_term_string}\"},\"query-input\":\"required name=search_term_string\"}],\"inLanguage\":\"tr\"},{\"@type\":\"Organization\",\"@id\":\"https:\/\/dev.geninteraktif.com\/residorm\/#organization\",\"name\":\"Residorm\",\"url\":\"https:\/\/dev.geninteraktif.com\/residorm\/\",\"logo\":{\"@type\":\"ImageObject\",\"inLanguage\":\"tr\",\"@id\":\"https:\/\/dev.geninteraktif.com\/residorm\/#\/schema\/logo\/image\/\",\"url\":\"https:\/\/dev.geninteraktif.com\/residorm\/wp-content\/uploads\/2015\/07\/residorm_footer.png\",\"contentUrl\":\"https:\/\/dev.geninteraktif.com\/residorm\/wp-content\/uploads\/2015\/07\/residorm_footer.png\",\"width\":200,\"height\":73,\"caption\":\"Residorm\"},\"image\":{\"@id\":\"https:\/\/dev.geninteraktif.com\/residorm\/#\/schema\/logo\/image\/\"},\"sameAs\":[\"https:\/\/www.facebook.com\/residorm\/\",\"https:\/\/x.com\/ResidormTR\",\"https:\/\/www.instagram.com\/residorm\/\",\"https:\/\/www.youtube.com\/channel\/UCjDRFENmtUYxdQYCLtcegLg\"]}]}<\/script>\n<!-- \/ Yoast SEO plugin. -->","yoast_head_json":{"title":"KVKK - Residorm \u00d6\u011frenci Yurtlar\u0131","robots":{"index":"index","follow":"follow","max-snippet":"max-snippet:-1","max-image-preview":"max-image-preview:large","max-video-preview":"max-video-preview:-1"},"canonical":"https:\/\/dev.geninteraktif.com\/residorm\/kvkk\/","og_locale":"tr_TR","og_type":"article","og_title":"KVKK - Residorm \u00d6\u011frenci Yurtlar\u0131","og_description":"KVKK Residorm Bal\u0131kesir KVKK Residorm K\u0131r\u0131kkale KVKK Residorm Mu\u011fla KVKK Residorm Bal\u0131kesir KVKK \u00c7A\u011eI\u015e \u00d6\u011eRENC\u0130 AYDINLATMA METN\u0130\u00c7A\u011eI\u015e KEF\u0130L-VEL\u0130 AYDINLATMA METN\u0130 \u00c7A\u011eI\u015e BA\u015eVURU FORMU \u00c7A\u011eI\u015e \u00c7ALI\u015eAN ADAYLARI AYDINLATMA METN\u0130 \u00c7A\u011eI\u015e \u0130\u015e ORTAKLARI K\u0130\u015e\u0130SEL VER\u0130LER AYDINLATMA METN\u0130 \u00c7A\u011eI\u015e WEB SAYFASI \u0130LET\u0130\u015e\u0130M FORMU AYDINLATMA METN\u0130 Residorm K\u0131r\u0131kkale KVKK YAH\u015e\u0130HAN \u00d6\u011eRENC\u0130 AYDINLATMA METN\u0130YAH\u015e\u0130HAN KEF\u0130L-VEL\u0130 AYDINLATMA METN\u0130 YAH\u015e\u0130HAN BA\u015eVURU FORMU [&hellip;]","og_url":"https:\/\/dev.geninteraktif.com\/residorm\/kvkk\/","og_site_name":"Residorm \u00d6\u011frenci Yurtlar\u0131","article_publisher":"https:\/\/www.facebook.com\/residorm\/","article_modified_time":"2024-06-24T21:34:26+00:00","og_image":[{"width":360,"height":240,"url":"https:\/\/dev.geninteraktif.com\/residorm\/wp-content\/uploads\/2024\/06\/fallback-image.jpg","type":"image\/jpeg"}],"twitter_card":"summary_large_image","twitter_site":"@ResidormTR","twitter_misc":{"Tahmini okuma s\u00fcresi":"1 dakika"},"schema":{"@context":"https:\/\/schema.org","@graph":[{"@type":"WebPage","@id":"https:\/\/dev.geninteraktif.com\/residorm\/kvkk\/","url":"https:\/\/dev.geninteraktif.com\/residorm\/kvkk\/","name":"KVKK - Residorm \u00d6\u011frenci Yurtlar\u0131","isPartOf":{"@id":"https:\/\/dev.geninteraktif.com\/residorm\/#website"},"primaryImageOfPage":{"@id":"https:\/\/dev.geninteraktif.com\/residorm\/kvkk\/#primaryimage"},"image":{"@id":"https:\/\/dev.geninteraktif.com\/residorm\/kvkk\/#primaryimage"},"thumbnailUrl":"https:\/\/dev.geninteraktif.com\/residorm\/wp-content\/uploads\/2024\/06\/fallback-image.jpg","datePublished":"2022-02-28T14:12:18+00:00","dateModified":"2024-06-24T21:34:26+00:00","breadcrumb":{"@id":"https:\/\/dev.geninteraktif.com\/residorm\/kvkk\/#breadcrumb"},"inLanguage":"tr","potentialAction":[{"@type":"ReadAction","target":["https:\/\/dev.geninteraktif.com\/residorm\/kvkk\/"]}]},{"@type":"ImageObject","inLanguage":"tr","@id":"https:\/\/dev.geninteraktif.com\/residorm\/kvkk\/#primaryimage","url":"https:\/\/dev.geninteraktif.com\/residorm\/wp-content\/uploads\/2024\/06\/fallback-image.jpg","contentUrl":"https:\/\/dev.geninteraktif.com\/residorm\/wp-content\/uploads\/2024\/06\/fallback-image.jpg","width":360,"height":240},{"@type":"BreadcrumbList","@id":"https:\/\/dev.geninteraktif.com\/residorm\/kvkk\/#breadcrumb","itemListElement":[{"@type":"ListItem","position":1,"name":"Anasayfa","item":"https:\/\/dev.geninteraktif.com\/residorm\/"},{"@type":"ListItem","position":2,"name":"KVKK"}]},{"@type":"WebSite","@id":"https:\/\/dev.geninteraktif.com\/residorm\/#website","url":"https:\/\/dev.geninteraktif.com\/residorm\/","name":"Residorm \u00d6\u011frenci Yurtlar\u0131","description":"Kamp\u00fcs\u00fcn i\u00e7inde, fak\u00fcltelerin yan\u0131ba\u015f\u0131nda...","publisher":{"@id":"https:\/\/dev.geninteraktif.com\/residorm\/#organization"},"potentialAction":[{"@type":"SearchAction","target":{"@type":"EntryPoint","urlTemplate":"https:\/\/dev.geninteraktif.com\/residorm\/?s={search_term_string}"},"query-input":"required name=search_term_string"}],"inLanguage":"tr"},{"@type":"Organization","@id":"https:\/\/dev.geninteraktif.com\/residorm\/#organization","name":"Residorm","url":"https:\/\/dev.geninteraktif.com\/residorm\/","logo":{"@type":"ImageObject","inLanguage":"tr","@id":"https:\/\/dev.geninteraktif.com\/residorm\/#\/schema\/logo\/image\/","url":"https:\/\/dev.geninteraktif.com\/residorm\/wp-content\/uploads\/2015\/07\/residorm_footer.png","contentUrl":"https:\/\/dev.geninteraktif.com\/residorm\/wp-content\/uploads\/2015\/07\/residorm_footer.png","width":200,"height":73,"caption":"Residorm"},"image":{"@id":"https:\/\/dev.geninteraktif.com\/residorm\/#\/schema\/logo\/image\/"},"sameAs":["https:\/\/www.facebook.com\/residorm\/","https:\/\/x.com\/ResidormTR","https:\/\/www.instagram.com\/residorm\/","https:\/\/www.youtube.com\/channel\/UCjDRFENmtUYxdQYCLtcegLg"]}]}},"_links":{"self":[{"href":"https:\/\/dev.geninteraktif.com\/residorm\/wp-json\/wp\/v2\/pages\/6734","targetHints":{"allow":["GET"]}}],"collection":[{"href":"https:\/\/dev.geninteraktif.com\/residorm\/wp-json\/wp\/v2\/pages"}],"about":[{"href":"https:\/\/dev.geninteraktif.com\/residorm\/wp-json\/wp\/v2\/types\/page"}],"author":[{"embeddable":true,"href":"https:\/\/dev.geninteraktif.com\/residorm\/wp-json\/wp\/v2\/users\/1"}],"replies":[{"embeddable":true,"href":"https:\/\/dev.geninteraktif.com\/residorm\/wp-json\/wp\/v2\/comments?post=6734"}],"version-history":[{"count":3,"href":"https:\/\/dev.geninteraktif.com\/residorm\/wp-json\/wp\/v2\/pages\/6734\/revisions"}],"predecessor-version":[{"id":7432,"href":"https:\/\/dev.geninteraktif.com\/residorm\/wp-json\/wp\/v2\/pages\/6734\/revisions\/7432"}],"wp:featuredmedia":[{"embeddable":true,"href":"https:\/\/dev.geninteraktif.com\/residorm\/wp-json\/wp\/v2\/media\/7429"}],"wp:attachment":[{"href":"https:\/\/dev.geninteraktif.com\/residorm\/wp-json\/wp\/v2\/media?parent=6734"}],"curies":[{"name":"wp","href":"https:\/\/api.w.org\/{rel}","templated":true}]}}